{"id":408,"date":"2024-11-08T15:02:53","date_gmt":"2024-11-08T15:02:53","guid":{"rendered":"https:\/\/institucional.padraocolor.com.br\/?page_id=408"},"modified":"2025-06-13T18:47:04","modified_gmt":"2025-06-13T18:47:04","slug":"seja-um-revendedor","status":"publish","type":"page","link":"https:\/\/institucional.padraocolor.com.br\/index.php\/seja-um-revendedor\/","title":{"rendered":"Seja um Revendedor"},"content":{"rendered":"\t\t<div data-elementor-type=\"wp-page\" data-elementor-id=\"408\" class=\"elementor elementor-408\">\n\t\t\t\t<div class=\"elementor-element elementor-element-cd917a4 e-flex e-con-boxed e-con e-parent\" data-id=\"cd917a4\" data-element_type=\"container\">\n\t\t\t\t\t<div class=\"e-con-inner\">\n\t\t\t\t<div class=\"elementor-element elementor-element-ed13eeb elementor-widget elementor-widget-heading\" data-id=\"ed13eeb\" data-element_type=\"widget\" data-widget_type=\"heading.default\">\n\t\t\t\t<div class=\"elementor-widget-container\">\n\t\t\t<style>\/*! elementor - v3.21.0 - 22-05-2024 *\/\n.elementor-heading-title{padding:0;margin:0;line-height:1}.elementor-widget-heading .elementor-heading-title[class*=elementor-size-]>a{color:inherit;font-size:inherit;line-height:inherit}.elementor-widget-heading .elementor-heading-title.elementor-size-small{font-size:15px}.elementor-widget-heading .elementor-heading-title.elementor-size-medium{font-size:19px}.elementor-widget-heading .elementor-heading-title.elementor-size-large{font-size:29px}.elementor-widget-heading .elementor-heading-title.elementor-size-xl{font-size:39px}.elementor-widget-heading .elementor-heading-title.elementor-size-xxl{font-size:59px}<\/style><h1 class=\"elementor-heading-title elementor-size-default\"><p><strong>Seja um Revendedor Gr\u00e1fico  e Potencialize Seus Lucros!<\/strong><span style=\"color: var( --e-global-color-primary ); font-family: var( --e-global-typography-primary-font-family ), Sans-serif; font-size: var(--wp--preset--font-size--xx-large); font-weight: var( --e-global-typography-primary-font-weight ); text-align: var(--text-align); background-color: var(--wp--preset--color--base);\"><\/span><\/p><\/h1>\t\t<\/div>\n\t\t\t\t<\/div>\n\t\t\t\t\t<\/div>\n\t\t\t\t<\/div>\n\t\t<div class=\"elementor-element elementor-element-a2fa47e e-flex e-con-boxed e-con e-parent\" data-id=\"a2fa47e\" data-element_type=\"container\">\n\t\t\t\t\t<div class=\"e-con-inner\">\n\t\t\t\t<div class=\"elementor-element elementor-element-52cf4ce elementor-hidden-mobile elementor-widget elementor-widget-image\" data-id=\"52cf4ce\" data-element_type=\"widget\" data-widget_type=\"image.default\">\n\t\t\t\t<div class=\"elementor-widget-container\">\n\t\t\t<style>\/*! elementor - v3.21.0 - 22-05-2024 *\/\n.elementor-widget-image{text-align:center}.elementor-widget-image a{display:inline-block}.elementor-widget-image a img[src$=\".svg\"]{width:48px}.elementor-widget-image img{vertical-align:middle;display:inline-block}<\/style>\t\t\t\t\t\t\t\t\t\t<img fetchpriority=\"high\" decoding=\"async\" width=\"768\" height=\"683\" src=\"https:\/\/institucional.padraocolor.com.br\/wp-content\/uploads\/2024\/11\/SEJA-UM-REVENDEDOR-768x683.png\" class=\"attachment-medium_large size-medium_large wp-image-592\" alt=\"\" srcset=\"https:\/\/institucional.padraocolor.com.br\/wp-content\/uploads\/2024\/11\/SEJA-UM-REVENDEDOR-768x683.png 768w, https:\/\/institucional.padraocolor.com.br\/wp-content\/uploads\/2024\/11\/SEJA-UM-REVENDEDOR-300x267.png 300w, https:\/\/institucional.padraocolor.com.br\/wp-content\/uploads\/2024\/11\/SEJA-UM-REVENDEDOR.png 900w\" sizes=\"(max-width: 768px) 100vw, 768px\" \/>\t\t\t\t\t\t\t\t\t\t\t\t\t<\/div>\n\t\t\t\t<\/div>\n\t\t\t\t\t<\/div>\n\t\t\t\t<\/div>\n\t\t<div class=\"elementor-element elementor-element-bbaacbc e-grid e-con-boxed e-con e-parent\" data-id=\"bbaacbc\" data-element_type=\"container\">\n\t\t\t\t\t<div class=\"e-con-inner\">\n\t\t\t\t<div class=\"elementor-element elementor-element-77cf4ab elementor-widget elementor-widget-heading\" data-id=\"77cf4ab\" data-element_type=\"widget\" data-widget_type=\"heading.default\">\n\t\t\t\t<div class=\"elementor-widget-container\">\n\t\t\t<h3 class=\"elementor-heading-title elementor-size-default\">J\u00e1 pensou em aumentar sua renda oferecendo produtos gr\u00e1ficos de alta qualidade? A Padr\u00e3o Color, refer\u00eancia em impress\u00e3o e personaliza\u00e7\u00e3o, est\u00e1 em busca de parceiros como voc\u00ea!<\/p><p><\/p><\/h3>\t\t<\/div>\n\t\t\t\t<\/div>\n\t\t\t\t<div class=\"elementor-element elementor-element-beb55d9 elementor-widget elementor-widget-text-editor\" data-id=\"beb55d9\" data-element_type=\"widget\" data-widget_type=\"text-editor.default\">\n\t\t\t\t<div class=\"elementor-widget-container\">\n\t\t\t<style>\/*! elementor - v3.21.0 - 22-05-2024 *\/\n.elementor-widget-text-editor.elementor-drop-cap-view-stacked .elementor-drop-cap{background-color:#69727d;color:#fff}.elementor-widget-text-editor.elementor-drop-cap-view-framed .elementor-drop-cap{color:#69727d;border:3px solid;background-color:transparent}.elementor-widget-text-editor:not(.elementor-drop-cap-view-default) .elementor-drop-cap{margin-top:8px}.elementor-widget-text-editor:not(.elementor-drop-cap-view-default) .elementor-drop-cap-letter{width:1em;height:1em}.elementor-widget-text-editor .elementor-drop-cap{float:left;text-align:center;line-height:1;font-size:50px}.elementor-widget-text-editor .elementor-drop-cap-letter{display:inline-block}<\/style>\t\t\t\t<p>Ao se tornar um revendedor gr\u00e1fico, voc\u00ea ter\u00e1 acesso a pre\u00e7os exclusivos, uma linha completa de produtos gr\u00e1ficos e suporte personalizado para alavancar seu neg\u00f3cio. Desde cart\u00f5es de visita e materiais de escrit\u00f3rio at\u00e9 itens personalizados, ofere\u00e7a o melhor para seus clientes com a garantia de excel\u00eancia que s\u00f3 a Padr\u00e3o Color proporciona.<\/p>\t\t\t\t\t\t<\/div>\n\t\t\t\t<\/div>\n\t\t\t\t\t<\/div>\n\t\t\t\t<\/div>\n\t\t<div class=\"elementor-element elementor-element-0f83bc8 e-con-full e-flex e-con e-parent\" data-id=\"0f83bc8\" data-element_type=\"container\">\n\t\t\t\t<div class=\"elementor-element elementor-element-ba2f0a1 elementor-widget elementor-widget-heading\" data-id=\"ba2f0a1\" data-element_type=\"widget\" data-widget_type=\"heading.default\">\n\t\t\t\t<div class=\"elementor-widget-container\">\n\t\t\t<h3 class=\"elementor-heading-title elementor-size-default\">Por que ser um revendedor gr\u00e1fico?<\/h3>\t\t<\/div>\n\t\t\t\t<\/div>\n\t\t\t\t<div class=\"elementor-element elementor-element-4cdf3c9 elementor-widget__width-initial elementor-widget elementor-widget-text-editor\" data-id=\"4cdf3c9\" data-element_type=\"widget\" data-widget_type=\"text-editor.default\">\n\t\t\t\t<div class=\"elementor-widget-container\">\n\t\t\t\t\t\t\t<p><b>Margem de lucro atrativa<\/b><\/p><p><b>Produtos com qualidade premium<\/b><\/p><p><b>Atendimento especializado para voc\u00ea e seus clientes<\/b><\/p><p><b>Entregas r\u00e1pidas para todo o Brasil<\/b><\/p>\t\t\t\t\t\t<\/div>\n\t\t\t\t<\/div>\n\t\t\t\t<\/div>\n\t\t<div class=\"elementor-element elementor-element-86f4231 e-flex e-con-boxed e-con e-parent\" data-id=\"86f4231\" data-element_type=\"container\">\n\t\t\t\t\t<div class=\"e-con-inner\">\n\t\t\t\t<div class=\"elementor-element elementor-element-914e950 elementor-widget elementor-widget-heading\" data-id=\"914e950\" data-element_type=\"widget\" data-widget_type=\"heading.default\">\n\t\t\t\t<div class=\"elementor-widget-container\">\n\t\t\t<h3 class=\"elementor-heading-title elementor-size-default\"><p><strong>Vire um Revendedor Gr\u00e1fico da Padr\u00e3o Color e Tenha Acesso a Pre\u00e7os Exclusivos!<\/strong><\/p><p><\/p><\/h3>\t\t<\/div>\n\t\t\t\t<\/div>\n\t\t\t\t<div class=\"elementor-element elementor-element-7c060a7 elementor-widget elementor-widget-text-editor\" data-id=\"7c060a7\" data-element_type=\"widget\" data-widget_type=\"text-editor.default\">\n\t\t\t\t<div class=\"elementor-widget-container\">\n\t\t\t\t\t\t\t<p>Na Padr\u00e3o Color, entendemos a import\u00e2ncia de oferecer solu\u00e7\u00f5es que impulsionem o sucesso de quem atua nos mercados de design gr\u00e1fico, comunica\u00e7\u00e3o visual, fotografia e \u00e1reas relacionadas. Por isso, criamos uma op\u00e7\u00e3o exclusiva para profissionais e empresas desse segmento: nosso programa de Revendedores Gr\u00e1ficos.<\/p>\n<p>Ao se tornar um revendedor, voc\u00ea ter\u00e1 acesso a <strong>valores exclusivos e competitivos<\/strong>, pensados para aumentar sua margem de lucro e fortalecer o seu neg\u00f3cio. Al\u00e9m disso, garantimos suporte especializado para atender \u00e0s suas necessidades e as dos seus clientes com efici\u00eancia e excel\u00eancia.<\/p>\n<p>\u26a0\ufe0f <strong>Importante:<\/strong> Essa oportunidade foi criada exclusivamente para designers gr\u00e1ficos, gr\u00e1ficas, empresas de comunica\u00e7\u00e3o visual, fot\u00f3grafos e demais profissionais do setor. Aproveite essa vantagem \u00fanica e amplie sua oferta de produtos com qualidade garantida.<\/p>\n<p><\/p>\n<p><strong style=\"color: var( --e-global-color-text ); font-family: var( --e-global-typography-text-font-family ), Sans-serif; text-align: var(--text-align); background-color: var(--wp--preset--color--base); font-size: var(--wp--preset--font-size--medium);\">Torne-se um Revendedor Gr\u00e1fico da Padr\u00e3o Color com Agilidade e Seguran\u00e7a!<\/strong><\/p>\n<p>Na Padr\u00e3o Color, valorizamos sua experi\u00eancia e entendemos a import\u00e2ncia de agilidade no processo de cadastro. Por isso, desenvolvemos um sistema inovador de <strong>an\u00e1lise autom\u00e1tica<\/strong>, que verifica imediatamente suas informa\u00e7\u00f5es e garante uma resposta r\u00e1pida ao final do cadastro.<\/p>\n<p>\ud83d\udd0d <strong>Como funciona o processo?<\/strong><\/p>\n<ol>\n<li>Ao finalizar seu cadastro, nosso <strong>sistema de intelig\u00eancia artificial<\/strong> faz a an\u00e1lise autom\u00e1tica dos dados fornecidos.<\/li>\n<li>Em quest\u00e3o de segundos, voc\u00ea recebe o resultado:\n<ul>\n<li><strong>Cadastro aprovado automaticamente<\/strong>: Voc\u00ea j\u00e1 pode come\u00e7ar a aproveitar os benef\u00edcios do programa de revendedores.<\/li>\n<li><strong>Cadastro em an\u00e1lise manual<\/strong>: Caso sejam necess\u00e1rias verifica\u00e7\u00f5es adicionais, nossa equipe especializada far\u00e1 a revis\u00e3o e entrar\u00e1 em contato o mais breve poss\u00edvel.<\/li>\n<\/ul>\n<\/li>\n<\/ol>\n<p>Esse processo \u00e9 r\u00e1pido, pr\u00e1tico e seguro, garantindo que apenas empresas e profissionais do setor gr\u00e1fico, como designers, gr\u00e1ficas, empresas de comunica\u00e7\u00e3o visual e fot\u00f3grafos, fa\u00e7am parte do programa.<\/p>\n<p>\ud83d\udce9 <strong>Cadastre-se agora<\/strong> e descubra no mesmo momento se j\u00e1 pode come\u00e7ar a aproveitar as condi\u00e7\u00f5es exclusivas para revendedores gr\u00e1ficos da Padr\u00e3o Color. \u00c9 f\u00e1cil, r\u00e1pido e feito para voc\u00ea!<\/p>\t\t\t\t\t\t<\/div>\n\t\t\t\t<\/div>\n\t\t<div class=\"elementor-element elementor-element-8c9d3c1 e-flex e-con-boxed e-con e-child\" data-id=\"8c9d3c1\" data-element_type=\"container\">\n\t\t\t\t\t<div class=\"e-con-inner\">\n\t\t\t\t<div class=\"elementor-element elementor-element-672def0 elementor-align-center elementor-widget elementor-widget-button\" data-id=\"672def0\" data-element_type=\"widget\" data-widget_type=\"button.default\">\n\t\t\t\t<div class=\"elementor-widget-container\">\n\t\t\t\t\t<div class=\"elementor-button-wrapper\">\n\t\t\t<a class=\"elementor-button elementor-button-link elementor-size-sm\" href=\"https:\/\/padraocolor.com.br\/cadastro\" target=\"_blank\">\n\t\t\t\t\t\t<span class=\"elementor-button-content-wrapper\">\n\t\t\t\t\t\t\t\t\t<span class=\"elementor-button-text\">VOLTAR A TELA DE CADASTRO!<\/span>\n\t\t\t\t\t<\/span>\n\t\t\t\t\t<\/a>\n\t\t<\/div>\n\t\t\t\t<\/div>\n\t\t\t\t<\/div>\n\t\t\t\t\t<\/div>\n\t\t\t\t<\/div>\n\t\t\t\t\t<\/div>\n\t\t\t\t<\/div>\n\t\t\t\t<\/div>\n\t\t","protected":false},"excerpt":{"rendered":"<p>Seja um Revendedor Gr\u00e1fico e Potencialize Seus Lucros! J\u00e1 pensou em aumentar sua renda oferecendo produtos gr\u00e1ficos de alta qualidade? A Padr\u00e3o Color, refer\u00eancia em impress\u00e3o e personaliza\u00e7\u00e3o, est\u00e1 em busca de parceiros como voc\u00ea! Ao se tornar um revendedor gr\u00e1fico, voc\u00ea ter\u00e1 acesso a pre\u00e7os exclusivos, uma linha completa de produtos gr\u00e1ficos e suporte [&hellip;]<\/p>\n","protected":false},"author":1,"featured_media":0,"parent":0,"menu_order":0,"comment_status":"closed","ping_status":"closed","template":"","meta":{"_acf_changed":false,"footnotes":""},"class_list":["post-408","page","type-page","status-publish","hentry"],"acf":[],"_links":{"self":[{"href":"https:\/\/institucional.padraocolor.com.br\/index.php\/wp-json\/wp\/v2\/pages\/408","targetHints":{"allow":["GET"]}}],"collection":[{"href":"https:\/\/institucional.padraocolor.com.br\/index.php\/wp-json\/wp\/v2\/pages"}],"about":[{"href":"https:\/\/institucional.padraocolor.com.br\/index.php\/wp-json\/wp\/v2\/types\/page"}],"author":[{"embeddable":true,"href":"https:\/\/institucional.padraocolor.com.br\/index.php\/wp-json\/wp\/v2\/users\/1"}],"replies":[{"embeddable":true,"href":"https:\/\/institucional.padraocolor.com.br\/index.php\/wp-json\/wp\/v2\/comments?post=408"}],"version-history":[{"count":52,"href":"https:\/\/institucional.padraocolor.com.br\/index.php\/wp-json\/wp\/v2\/pages\/408\/revisions"}],"predecessor-version":[{"id":1081,"href":"https:\/\/institucional.padraocolor.com.br\/index.php\/wp-json\/wp\/v2\/pages\/408\/revisions\/1081"}],"wp:attachment":[{"href":"https:\/\/institucional.padraocolor.com.br\/index.php\/wp-json\/wp\/v2\/media?parent=408"}],"curies":[{"name":"wp","href":"https:\/\/api.w.org\/{rel}","templated":true}]}}