{"id":396,"date":"2024-10-19T16:02:46","date_gmt":"2024-10-19T16:02:46","guid":{"rendered":"https:\/\/institucional.padraocolor.com.br\/?page_id=396"},"modified":"2024-10-19T16:03:05","modified_gmt":"2024-10-19T16:03:05","slug":"tratamento-de-arquivos","status":"publish","type":"page","link":"https:\/\/institucional.padraocolor.com.br\/index.php\/tratamento-de-arquivos\/","title":{"rendered":"Tratamento de arquivos"},"content":{"rendered":"\t\t<div data-elementor-type=\"wp-page\" data-elementor-id=\"396\" class=\"elementor elementor-396\">\n\t\t\t\t<div class=\"elementor-element elementor-element-d578107 e-flex e-con-boxed e-con e-parent\" data-id=\"d578107\" data-element_type=\"container\">\n\t\t\t\t\t<div class=\"e-con-inner\">\n\t\t\t\t<div class=\"elementor-element elementor-element-4d95f09 elementor-widget elementor-widget-text-editor\" data-id=\"4d95f09\" data-element_type=\"widget\" data-widget_type=\"text-editor.default\">\n\t\t\t\t<div class=\"elementor-widget-container\">\n\t\t\t<style>\/*! elementor - v3.21.0 - 22-05-2024 *\/\n.elementor-widget-text-editor.elementor-drop-cap-view-stacked .elementor-drop-cap{background-color:#69727d;color:#fff}.elementor-widget-text-editor.elementor-drop-cap-view-framed .elementor-drop-cap{color:#69727d;border:3px solid;background-color:transparent}.elementor-widget-text-editor:not(.elementor-drop-cap-view-default) .elementor-drop-cap{margin-top:8px}.elementor-widget-text-editor:not(.elementor-drop-cap-view-default) .elementor-drop-cap-letter{width:1em;height:1em}.elementor-widget-text-editor .elementor-drop-cap{float:left;text-align:center;line-height:1;font-size:50px}.elementor-widget-text-editor .elementor-drop-cap-letter{display:inline-block}<\/style>\t\t\t\t<h3>Como Funciona o Tratamento de Arquivo?<\/h3><p>Durante a configura\u00e7\u00e3o do seu produto, em uma das op\u00e7\u00f5es poderemos selecionar Tratamento Padr\u00e3o e Tratamento Profissional. Em ambos os casos o seu arquivo ser\u00e1 processado por profissionais capacitados, mas o que difere um tipo de tratamento de arquivo do outro?<\/p><ul><li><strong>Tratamento Padr\u00e3o:<\/strong> \u00c9 a op\u00e7\u00e3o mais r\u00e1pida e simples. Nesse tipo de tratamento, n\u00e3o realizamos ajustes ou corre\u00e7\u00f5es em rela\u00e7\u00e3o \u00e0 cor, resolu\u00e7\u00e3o ou fontes dos arquivos enviados. O arquivo \u00e9 processado exatamente como foi enviado, sem modifica\u00e7\u00f5es nesses aspectos.<\/li><li><strong>Tratamento Profissional:<\/strong> Neste tratamento, realizamos uma an\u00e1lise detalhada dos arquivos. S\u00e3o verificadas e, se necess\u00e1rio, notificaremos quest\u00f5es como cor, resolu\u00e7\u00e3o e fontes, garantindo que o material final esteja de acordo com os padr\u00f5es de qualidade e expectativas visuais. Lembrando que no Tratamento Profissional, n\u00e3o realizamos as corre\u00e7\u00f5es e sim a orienta\u00e7\u00f5es necess\u00e1rias de como corrigir.<\/li><\/ul><p><strong>O que abrange o Tratamento Profissional?<\/strong><\/p><p><strong>Offset e Gr\u00e1fica R\u00e1pida:<\/strong><\/p><ul><li>Ajustes pequenos de tamanho;<\/li><li>Ajuste de dobra;<\/li><li>Ajuste de cor; processada;<\/li><li>Verifica\u00e7\u00e3o e ajuste (quando poss\u00edvel) de informa\u00e7\u00f5es muito pr\u00f3ximos as margens;<\/li><li>Ajuste no encaixe do verniz (n\u00e3o criamos o verniz, somente ajustamos caso n\u00e3o esteja batendo corretamente, em vez de devolver para o cliente ajustar);<\/li><li>Convers\u00e3o de arquivos em RGB para CMYK e caso seja verificado que poder\u00e1 ter uma altera\u00e7\u00e3o de cor consider\u00e1vel, notificaremos o cliente.<\/li><\/ul><p><strong>Comunica\u00e7\u00e3o Visual:<\/strong><\/p><ul><li>Ajuste de Tamanho (Com fundos simples)<\/li><li>Ajuste de facas mais complexas;<\/li><li>Tratamento de materiais com acabamentos espec\u00edficos;<\/li><li>Ajuste de artes (quando poss\u00edvel) que saiam do Gabarito.<\/li><\/ul>\t\t\t\t\t\t<\/div>\n\t\t\t\t<\/div>\n\t\t\t\t\t<\/div>\n\t\t\t\t<\/div>\n\t\t\t\t<\/div>\n\t\t","protected":false},"excerpt":{"rendered":"<p>Como Funciona o Tratamento de Arquivo? Durante a configura\u00e7\u00e3o do seu produto, em uma das op\u00e7\u00f5es poderemos selecionar Tratamento Padr\u00e3o e Tratamento Profissional. Em ambos os casos o seu arquivo ser\u00e1 processado por profissionais capacitados, mas o que difere um tipo de tratamento de arquivo do outro? Tratamento Padr\u00e3o: \u00c9 a op\u00e7\u00e3o mais r\u00e1pida e [&hellip;]<\/p>\n","protected":false},"author":1,"featured_media":0,"parent":0,"menu_order":0,"comment_status":"closed","ping_status":"closed","template":"elementor_header_footer","meta":{"_acf_changed":false,"footnotes":""},"class_list":["post-396","page","type-page","status-publish","hentry"],"acf":[],"_links":{"self":[{"href":"https:\/\/institucional.padraocolor.com.br\/index.php\/wp-json\/wp\/v2\/pages\/396","targetHints":{"allow":["GET"]}}],"collection":[{"href":"https:\/\/institucional.padraocolor.com.br\/index.php\/wp-json\/wp\/v2\/pages"}],"about":[{"href":"https:\/\/institucional.padraocolor.com.br\/index.php\/wp-json\/wp\/v2\/types\/page"}],"author":[{"embeddable":true,"href":"https:\/\/institucional.padraocolor.com.br\/index.php\/wp-json\/wp\/v2\/users\/1"}],"replies":[{"embeddable":true,"href":"https:\/\/institucional.padraocolor.com.br\/index.php\/wp-json\/wp\/v2\/comments?post=396"}],"version-history":[{"count":4,"href":"https:\/\/institucional.padraocolor.com.br\/index.php\/wp-json\/wp\/v2\/pages\/396\/revisions"}],"predecessor-version":[{"id":400,"href":"https:\/\/institucional.padraocolor.com.br\/index.php\/wp-json\/wp\/v2\/pages\/396\/revisions\/400"}],"wp:attachment":[{"href":"https:\/\/institucional.padraocolor.com.br\/index.php\/wp-json\/wp\/v2\/media?parent=396"}],"curies":[{"name":"wp","href":"https:\/\/api.w.org\/{rel}","templated":true}]}}