{"id":35,"date":"2024-05-25T16:58:50","date_gmt":"2024-05-25T16:58:50","guid":{"rendered":"https:\/\/institucional.padraocolor.com.br\/?page_id=35"},"modified":"2025-04-14T18:10:48","modified_gmt":"2025-04-14T18:10:48","slug":"sobre-nos","status":"publish","type":"page","link":"https:\/\/institucional.padraocolor.com.br\/index.php\/sobre-nos\/","title":{"rendered":"Sobre nos"},"content":{"rendered":"\t\t<div data-elementor-type=\"wp-page\" data-elementor-id=\"35\" class=\"elementor elementor-35\">\n\t\t\t\t<div class=\"elementor-element elementor-element-902ff80 e-flex e-con-boxed e-con e-parent\" data-id=\"902ff80\" data-element_type=\"container\">\n\t\t\t\t\t<div class=\"e-con-inner\">\n\t\t\t\t<div class=\"elementor-element elementor-element-64e9e5e elementor-widget elementor-widget-image\" data-id=\"64e9e5e\" data-element_type=\"widget\" data-widget_type=\"image.default\">\n\t\t\t\t<div class=\"elementor-widget-container\">\n\t\t\t<style>\/*! elementor - v3.21.0 - 22-05-2024 *\/\n.elementor-widget-image{text-align:center}.elementor-widget-image a{display:inline-block}.elementor-widget-image a img[src$=\".svg\"]{width:48px}.elementor-widget-image img{vertical-align:middle;display:inline-block}<\/style>\t\t\t\t\t\t\t\t\t\t<img fetchpriority=\"high\" decoding=\"async\" width=\"1280\" height=\"312\" src=\"https:\/\/institucional.padraocolor.com.br\/wp-content\/uploads\/2024\/05\/Rectangle-227.png\" class=\"attachment-full size-full wp-image-38\" alt=\"\" srcset=\"https:\/\/institucional.padraocolor.com.br\/wp-content\/uploads\/2024\/05\/Rectangle-227.png 1280w, https:\/\/institucional.padraocolor.com.br\/wp-content\/uploads\/2024\/05\/Rectangle-227-300x73.png 300w, https:\/\/institucional.padraocolor.com.br\/wp-content\/uploads\/2024\/05\/Rectangle-227-1024x250.png 1024w, https:\/\/institucional.padraocolor.com.br\/wp-content\/uploads\/2024\/05\/Rectangle-227-768x187.png 768w\" sizes=\"(max-width: 1280px) 100vw, 1280px\" \/>\t\t\t\t\t\t\t\t\t\t\t\t\t<\/div>\n\t\t\t\t<\/div>\n\t\t\t\t\t<\/div>\n\t\t\t\t<\/div>\n\t\t<div class=\"elementor-element elementor-element-7c1c439 e-grid e-con-boxed e-con e-parent\" data-id=\"7c1c439\" data-element_type=\"container\">\n\t\t\t\t\t<div class=\"e-con-inner\">\n\t\t<div class=\"elementor-element elementor-element-61a4267 e-flex e-con-boxed e-con e-child\" data-id=\"61a4267\" data-element_type=\"container\">\n\t\t\t\t\t<div class=\"e-con-inner\">\n\t\t\t\t<div class=\"elementor-element elementor-element-29e9813 elementor-widget elementor-widget-heading\" data-id=\"29e9813\" data-element_type=\"widget\" data-widget_type=\"heading.default\">\n\t\t\t\t<div class=\"elementor-widget-container\">\n\t\t\t<style>\/*! elementor - v3.21.0 - 22-05-2024 *\/\n.elementor-heading-title{padding:0;margin:0;line-height:1}.elementor-widget-heading .elementor-heading-title[class*=elementor-size-]>a{color:inherit;font-size:inherit;line-height:inherit}.elementor-widget-heading .elementor-heading-title.elementor-size-small{font-size:15px}.elementor-widget-heading .elementor-heading-title.elementor-size-medium{font-size:19px}.elementor-widget-heading .elementor-heading-title.elementor-size-large{font-size:29px}.elementor-widget-heading .elementor-heading-title.elementor-size-xl{font-size:39px}.elementor-widget-heading .elementor-heading-title.elementor-size-xxl{font-size:59px}<\/style><h3 class=\"elementor-heading-title elementor-size-default\">Sobre N\u00f3s<\/h3>\t\t<\/div>\n\t\t\t\t<\/div>\n\t\t\t\t<div class=\"elementor-element elementor-element-b8a1ab4 elementor-widget elementor-widget-text-editor\" data-id=\"b8a1ab4\" data-element_type=\"widget\" data-widget_type=\"text-editor.default\">\n\t\t\t\t<div class=\"elementor-widget-container\">\n\t\t\t<style>\/*! elementor - v3.21.0 - 22-05-2024 *\/\n.elementor-widget-text-editor.elementor-drop-cap-view-stacked .elementor-drop-cap{background-color:#69727d;color:#fff}.elementor-widget-text-editor.elementor-drop-cap-view-framed .elementor-drop-cap{color:#69727d;border:3px solid;background-color:transparent}.elementor-widget-text-editor:not(.elementor-drop-cap-view-default) .elementor-drop-cap{margin-top:8px}.elementor-widget-text-editor:not(.elementor-drop-cap-view-default) .elementor-drop-cap-letter{width:1em;height:1em}.elementor-widget-text-editor .elementor-drop-cap{float:left;text-align:center;line-height:1;font-size:50px}.elementor-widget-text-editor .elementor-drop-cap-letter{display:inline-block}<\/style>\t\t\t\t<p>A Padr\u00e3o Color foi fundada em 2003 pelo empres\u00e1rio Marcos Alexandre com foco inicial no mercado de revendedores, destacando-se principalmente na produ\u00e7\u00e3o de cart\u00f5es de visita. Localizada em S\u00e3o Jo\u00e3o de Meriti, Rio de Janeiro, a empresa \u00e9 considerada pioneira na \u00e1rea. Atualmente, concentra seus esfor\u00e7os na cria\u00e7\u00e3o de materiais gr\u00e1ficos destinados ao setor de marketing empresarial, abrangendo diversas aplica\u00e7\u00f5es como endomarketing, PVD, Marketing Direto e Indireto, suporte para executivos de vendas, cat\u00e1logos, anu\u00e1rios, papelaria, sublima\u00e7\u00e3o, entre outros.<br \/>A Padr\u00e3o Color destaca-se por sua \u00eanfase na rapidez e efici\u00eancia dos servi\u00e7os oferecidos, tanto para colaboradores quanto para revendedores gr\u00e1ficos. A empresa foi agraciada com o Trof\u00e9u Werner Klatt &#8211; Excel\u00eancia Gr\u00e1fica nos anos de 2011 e 2013, entre outros reconhecimentos.<br \/>Com sete lojas f\u00edsicas distribu\u00eddas estrategicamente, a Padr\u00e3o Color atua como ponto de retirada para seus materiais em Alc\u00e2ntara-RJ, Mesquita-RJ, Niter\u00f3i-RJ, S\u00e3o Jo\u00e3o de Meriti-RJ, S\u00e3o Pedro da Aldeia-RJ, Juiz de Fora &#8211; MG e Vit\u00f3ria &#8211; ES.<\/p>\t\t\t\t\t\t<\/div>\n\t\t\t\t<\/div>\n\t\t\t\t\t<\/div>\n\t\t\t\t<\/div>\n\t\t\t\t<div class=\"elementor-element elementor-element-63cf033 elementor-widget elementor-widget-image\" data-id=\"63cf033\" data-element_type=\"widget\" data-widget_type=\"image.default\">\n\t\t\t\t<div class=\"elementor-widget-container\">\n\t\t\t\t\t\t\t\t\t\t\t\t\t<img decoding=\"async\" width=\"571\" height=\"335\" src=\"https:\/\/institucional.padraocolor.com.br\/wp-content\/uploads\/2024\/05\/image-10.png\" class=\"attachment-large size-large wp-image-37\" alt=\"\" srcset=\"https:\/\/institucional.padraocolor.com.br\/wp-content\/uploads\/2024\/05\/image-10.png 571w, https:\/\/institucional.padraocolor.com.br\/wp-content\/uploads\/2024\/05\/image-10-300x176.png 300w\" sizes=\"(max-width: 571px) 100vw, 571px\" \/>\t\t\t\t\t\t\t\t\t\t\t\t\t<\/div>\n\t\t\t\t<\/div>\n\t\t\t\t\t<\/div>\n\t\t\t\t<\/div>\n\t\t<div class=\"elementor-element elementor-element-c502bb7 e-grid e-con-boxed e-con e-parent\" data-id=\"c502bb7\" data-element_type=\"container\">\n\t\t\t\t\t<div class=\"e-con-inner\">\n\t\t<div class=\"elementor-element elementor-element-1b45b32 e-flex e-con-boxed e-con e-child\" data-id=\"1b45b32\" data-element_type=\"container\">\n\t\t\t\t\t<div class=\"e-con-inner\">\n\t\t\t\t<div class=\"elementor-element elementor-element-25f3226 elementor-widget elementor-widget-image\" data-id=\"25f3226\" data-element_type=\"widget\" data-widget_type=\"image.default\">\n\t\t\t\t<div class=\"elementor-widget-container\">\n\t\t\t\t\t\t\t\t\t\t\t\t\t<img decoding=\"async\" width=\"1024\" height=\"424\" src=\"https:\/\/institucional.padraocolor.com.br\/wp-content\/uploads\/2024\/10\/Banner-Criacao-de-Arte-1024x424.jpeg\" class=\"attachment-large size-large wp-image-308\" alt=\"\" srcset=\"https:\/\/institucional.padraocolor.com.br\/wp-content\/uploads\/2024\/10\/Banner-Criacao-de-Arte-1024x424.jpeg 1024w, https:\/\/institucional.padraocolor.com.br\/wp-content\/uploads\/2024\/10\/Banner-Criacao-de-Arte-300x124.jpeg 300w, https:\/\/institucional.padraocolor.com.br\/wp-content\/uploads\/2024\/10\/Banner-Criacao-de-Arte-768x318.jpeg 768w, https:\/\/institucional.padraocolor.com.br\/wp-content\/uploads\/2024\/10\/Banner-Criacao-de-Arte.jpeg 1140w\" sizes=\"(max-width: 1024px) 100vw, 1024px\" \/>\t\t\t\t\t\t\t\t\t\t\t\t\t<\/div>\n\t\t\t\t<\/div>\n\t\t\t\t\t<\/div>\n\t\t\t\t<\/div>\n\t\t<div class=\"elementor-element elementor-element-93c4c3d e-flex e-con-boxed e-con e-child\" data-id=\"93c4c3d\" data-element_type=\"container\">\n\t\t\t\t\t<div class=\"e-con-inner\">\n\t\t\t\t<div class=\"elementor-element elementor-element-f35a27d elementor-widget elementor-widget-heading\" data-id=\"f35a27d\" data-element_type=\"widget\" data-widget_type=\"heading.default\">\n\t\t\t\t<div class=\"elementor-widget-container\">\n\t\t\t<h3 class=\"elementor-heading-title elementor-size-default\">Nossa gr\u00e1fica produz impress\u00e3o de \nalta qualidade e grandes formatos \ncom pre\u00e7os mais baixos de mercado<\/h3>\t\t<\/div>\n\t\t\t\t<\/div>\n\t\t\t\t<div class=\"elementor-element elementor-element-cdb0c27 elementor-widget elementor-widget-text-editor\" data-id=\"cdb0c27\" data-element_type=\"widget\" data-widget_type=\"text-editor.default\">\n\t\t\t\t<div class=\"elementor-widget-container\">\n\t\t\t\t\t\t\t<ul><li>Maquin\u00e1rio avan\u00e7ado<\/li><li>Altas tiragens<\/li><li>Variedades nos acabamentos<\/li><li>Impress\u00e3o Offset e digital<\/li><li>Comunica\u00e7\u00e3o Visual<\/li><li>Grandes e pequenos formatos<\/li><\/ul>\t\t\t\t\t\t<\/div>\n\t\t\t\t<\/div>\n\t\t\t\t\t<\/div>\n\t\t\t\t<\/div>\n\t\t\t\t\t<\/div>\n\t\t\t\t<\/div>\n\t\t<div class=\"elementor-element elementor-element-35134e7 e-flex e-con-boxed e-con e-parent\" data-id=\"35134e7\" data-element_type=\"container\">\n\t\t\t\t\t<div class=\"e-con-inner\">\n\t\t\t\t\t<\/div>\n\t\t\t\t<\/div>\n\t\t\t\t<\/div>\n\t\t","protected":false},"excerpt":{"rendered":"<p>Sobre N\u00f3s A Padr\u00e3o Color foi fundada em 2003 pelo empres\u00e1rio Marcos Alexandre com foco inicial no mercado de revendedores, destacando-se principalmente na produ\u00e7\u00e3o de cart\u00f5es de visita. Localizada em S\u00e3o Jo\u00e3o de Meriti, Rio de Janeiro, a empresa \u00e9 considerada pioneira na \u00e1rea. Atualmente, concentra seus esfor\u00e7os na cria\u00e7\u00e3o de materiais gr\u00e1ficos destinados ao [&hellip;]<\/p>\n","protected":false},"author":1,"featured_media":0,"parent":0,"menu_order":0,"comment_status":"closed","ping_status":"closed","template":"elementor_header_footer","meta":{"_acf_changed":false,"footnotes":""},"class_list":["post-35","page","type-page","status-publish","hentry"],"acf":[],"_links":{"self":[{"href":"https:\/\/institucional.padraocolor.com.br\/index.php\/wp-json\/wp\/v2\/pages\/35","targetHints":{"allow":["GET"]}}],"collection":[{"href":"https:\/\/institucional.padraocolor.com.br\/index.php\/wp-json\/wp\/v2\/pages"}],"about":[{"href":"https:\/\/institucional.padraocolor.com.br\/index.php\/wp-json\/wp\/v2\/types\/page"}],"author":[{"embeddable":true,"href":"https:\/\/institucional.padraocolor.com.br\/index.php\/wp-json\/wp\/v2\/users\/1"}],"replies":[{"embeddable":true,"href":"https:\/\/institucional.padraocolor.com.br\/index.php\/wp-json\/wp\/v2\/comments?post=35"}],"version-history":[{"count":25,"href":"https:\/\/institucional.padraocolor.com.br\/index.php\/wp-json\/wp\/v2\/pages\/35\/revisions"}],"predecessor-version":[{"id":1074,"href":"https:\/\/institucional.padraocolor.com.br\/index.php\/wp-json\/wp\/v2\/pages\/35\/revisions\/1074"}],"wp:attachment":[{"href":"https:\/\/institucional.padraocolor.com.br\/index.php\/wp-json\/wp\/v2\/media?parent=35"}],"curies":[{"name":"wp","href":"https:\/\/api.w.org\/{rel}","templated":true}]}}