{"id":305,"date":"2024-10-07T15:33:32","date_gmt":"2024-10-07T15:33:32","guid":{"rendered":"https:\/\/institucional.padraocolor.com.br\/?page_id=305"},"modified":"2026-03-18T18:41:03","modified_gmt":"2026-03-18T18:41:03","slug":"criacao-de-arte-2","status":"publish","type":"page","link":"https:\/\/institucional.padraocolor.com.br\/index.php\/criacao-de-arte-2\/","title":{"rendered":"Cria\u00e7\u00e3o de Arte"},"content":{"rendered":"\t\t<div data-elementor-type=\"wp-page\" data-elementor-id=\"305\" class=\"elementor elementor-305\">\n\t\t\t\t<div class=\"elementor-element elementor-element-8a16356 e-flex e-con-boxed e-con e-parent\" data-id=\"8a16356\" data-element_type=\"container\">\n\t\t\t\t\t<div class=\"e-con-inner\">\n\t\t\t\t<div class=\"elementor-element elementor-element-f120f36 elementor-widget elementor-widget-image\" data-id=\"f120f36\" data-element_type=\"widget\" data-widget_type=\"image.default\">\n\t\t\t\t<div class=\"elementor-widget-container\">\n\t\t\t<style>\/*! elementor - v3.21.0 - 22-05-2024 *\/\n.elementor-widget-image{text-align:center}.elementor-widget-image a{display:inline-block}.elementor-widget-image a img[src$=\".svg\"]{width:48px}.elementor-widget-image img{vertical-align:middle;display:inline-block}<\/style>\t\t\t\t\t\t\t\t\t\t<img fetchpriority=\"high\" decoding=\"async\" width=\"1024\" height=\"424\" src=\"https:\/\/institucional.padraocolor.com.br\/wp-content\/uploads\/2024\/10\/Banner-Criacao-de-Arte-1024x424.jpeg\" class=\"attachment-large size-large wp-image-308\" alt=\"\" srcset=\"https:\/\/institucional.padraocolor.com.br\/wp-content\/uploads\/2024\/10\/Banner-Criacao-de-Arte-1024x424.jpeg 1024w, https:\/\/institucional.padraocolor.com.br\/wp-content\/uploads\/2024\/10\/Banner-Criacao-de-Arte-300x124.jpeg 300w, https:\/\/institucional.padraocolor.com.br\/wp-content\/uploads\/2024\/10\/Banner-Criacao-de-Arte-768x318.jpeg 768w, https:\/\/institucional.padraocolor.com.br\/wp-content\/uploads\/2024\/10\/Banner-Criacao-de-Arte.jpeg 1140w\" sizes=\"(max-width: 1024px) 100vw, 1024px\" \/>\t\t\t\t\t\t\t\t\t\t\t\t\t<\/div>\n\t\t\t\t<\/div>\n\t\t\t\t<div class=\"elementor-element elementor-element-ba6a25e elementor-widget elementor-widget-heading\" data-id=\"ba6a25e\" data-element_type=\"widget\" data-widget_type=\"heading.default\">\n\t\t\t\t<div class=\"elementor-widget-container\">\n\t\t\t<style>\/*! elementor - v3.21.0 - 22-05-2024 *\/\n.elementor-heading-title{padding:0;margin:0;line-height:1}.elementor-widget-heading .elementor-heading-title[class*=elementor-size-]>a{color:inherit;font-size:inherit;line-height:inherit}.elementor-widget-heading .elementor-heading-title.elementor-size-small{font-size:15px}.elementor-widget-heading .elementor-heading-title.elementor-size-medium{font-size:19px}.elementor-widget-heading .elementor-heading-title.elementor-size-large{font-size:29px}.elementor-widget-heading .elementor-heading-title.elementor-size-xl{font-size:39px}.elementor-widget-heading .elementor-heading-title.elementor-size-xxl{font-size:59px}<\/style><h2 class=\"elementor-heading-title elementor-size-default\">Cria\u00e7\u00e3o de arte<\/h2>\t\t<\/div>\n\t\t\t\t<\/div>\n\t\t\t\t\t<\/div>\n\t\t\t\t<\/div>\n\t\t<div class=\"elementor-element elementor-element-4d09a1f e-flex e-con-boxed e-con e-parent\" data-id=\"4d09a1f\" data-element_type=\"container\">\n\t\t\t\t\t<div class=\"e-con-inner\">\n\t\t\t\t<div class=\"elementor-element elementor-element-9fe2338 elementor-hidden-mobile elementor-widget elementor-widget-image\" data-id=\"9fe2338\" data-element_type=\"widget\" data-widget_type=\"image.default\">\n\t\t\t\t<div class=\"elementor-widget-container\">\n\t\t\t\t\t\t\t\t\t\t\t\t\t<img decoding=\"async\" width=\"665\" height=\"448\" src=\"https:\/\/institucional.padraocolor.com.br\/wp-content\/uploads\/2024\/10\/Criacao-de-Arte.png\" class=\"attachment-large size-large wp-image-309\" alt=\"\" srcset=\"https:\/\/institucional.padraocolor.com.br\/wp-content\/uploads\/2024\/10\/Criacao-de-Arte.png 665w, https:\/\/institucional.padraocolor.com.br\/wp-content\/uploads\/2024\/10\/Criacao-de-Arte-300x202.png 300w\" sizes=\"(max-width: 665px) 100vw, 665px\" \/>\t\t\t\t\t\t\t\t\t\t\t\t\t<\/div>\n\t\t\t\t<\/div>\n\t\t\t\t\t<\/div>\n\t\t\t\t<\/div>\n\t\t<div class=\"elementor-element elementor-element-700529c e-con-full e-flex e-con e-parent\" data-id=\"700529c\" data-element_type=\"container\">\n\t\t<div class=\"elementor-element elementor-element-b1b6f32 e-flex e-con-boxed e-con e-child\" data-id=\"b1b6f32\" data-element_type=\"container\">\n\t\t\t\t\t<div class=\"e-con-inner\">\n\t\t\t\t<div class=\"elementor-element elementor-element-822cb32 elementor-widget elementor-widget-text-editor\" data-id=\"822cb32\" data-element_type=\"widget\" data-widget_type=\"text-editor.default\">\n\t\t\t\t<div class=\"elementor-widget-container\">\n\t\t\t<style>\/*! elementor - v3.21.0 - 22-05-2024 *\/\n.elementor-widget-text-editor.elementor-drop-cap-view-stacked .elementor-drop-cap{background-color:#69727d;color:#fff}.elementor-widget-text-editor.elementor-drop-cap-view-framed .elementor-drop-cap{color:#69727d;border:3px solid;background-color:transparent}.elementor-widget-text-editor:not(.elementor-drop-cap-view-default) .elementor-drop-cap{margin-top:8px}.elementor-widget-text-editor:not(.elementor-drop-cap-view-default) .elementor-drop-cap-letter{width:1em;height:1em}.elementor-widget-text-editor .elementor-drop-cap{float:left;text-align:center;line-height:1;font-size:50px}.elementor-widget-text-editor .elementor-drop-cap-letter{display:inline-block}<\/style>\t\t\t\t<div style=\"font-size: 16.8px;\"><h4 style=\"font-family: var( --e-global-typography-primary-font-family ), Sans-serif; font-weight: var( --e-global-typography-primary-font-weight ); font-size: var(--wp--preset--font-size--medium);\" data-elementor-setting-key=\"title\" data-pen-placeholder=\"Type Here...\">TERMO DE MONTAGEM DE ARTE<\/h4><\/div><ul style=\"font-size: 16.8px;\"><li>Um designer cuidar\u00e1 da cria\u00e7\u00e3o de arte;<\/li><li>Voc\u00ea tem direito a 1 montagem de arte;<\/li><li>Voc\u00ea vai preencher um formul\u00e1rio e a partir dele estaremos utilizando as informa\u00e7\u00f5es do briefing enviadas por voc\u00ea, portanto a responsabilidade dessas informa\u00e7\u00f5es ser\u00e3o suas;<\/li><li>Voc\u00ea deve conferir se n\u00e3o h\u00e1 nenhum erro ortogr\u00e1fico e averiguar se est\u00e1 tudo disposto conforme solicitado. O material produzido ser\u00e1 fiel ao arquivo aprovado pelo cliente;\u00a0<\/li><li>Ser\u00e3o permitidas apenas 2 altera\u00e7\u00f5es por pedido. A partir da 3\u00aa altera\u00e7\u00e3o \u00e9 gerado um custo adicional de R$: 10,00 para cada nova altera\u00e7\u00e3o;<\/li><li>Ap\u00f3s finalizarmos a cria\u00e7\u00e3o da sua arte, enviaremos um e-mail ou whatsapp informando que est\u00e1 pronto, e com a sua aprova\u00e7\u00e3o o status do pedido ser\u00e1 alterado e ir\u00e1 para a produ\u00e7\u00e3o.<\/li><li>Prazo m\u00e9dio de 48h \u00fateis para cria\u00e7\u00e3o, (podendo se estender\u00a0em caso de artes mais detalhadas ou com demora na aprova\u00e7\u00e3o.<\/li><\/ul>\t\t\t\t\t\t<\/div>\n\t\t\t\t<\/div>\n\t\t\t\t\t<\/div>\n\t\t\t\t<\/div>\n\t\t\t\t<div class=\"elementor-element elementor-element-8ed9f03 elementor-hidden-mobile elementor-widget elementor-widget-image\" data-id=\"8ed9f03\" data-element_type=\"widget\" data-widget_type=\"image.default\">\n\t\t\t\t<div class=\"elementor-widget-container\">\n\t\t\t\t\t\t\t\t\t\t\t\t\t<img decoding=\"async\" width=\"900\" height=\"311\" src=\"https:\/\/institucional.padraocolor.com.br\/wp-content\/uploads\/2024\/09\/Criacao-de-arte.png\" class=\"attachment-large size-large wp-image-190\" alt=\"\" srcset=\"https:\/\/institucional.padraocolor.com.br\/wp-content\/uploads\/2024\/09\/Criacao-de-arte.png 900w, https:\/\/institucional.padraocolor.com.br\/wp-content\/uploads\/2024\/09\/Criacao-de-arte-300x104.png 300w, https:\/\/institucional.padraocolor.com.br\/wp-content\/uploads\/2024\/09\/Criacao-de-arte-768x265.png 768w\" sizes=\"(max-width: 900px) 100vw, 900px\" \/>\t\t\t\t\t\t\t\t\t\t\t\t\t<\/div>\n\t\t\t\t<\/div>\n\t\t\t\t<\/div>\n\t\t<div class=\"elementor-element elementor-element-24884dc e-con-full e-flex e-con e-parent\" data-id=\"24884dc\" data-element_type=\"container\">\n\t\t\t\t<div class=\"elementor-element elementor-element-3037648 elementor-hidden-mobile elementor-widget elementor-widget-image\" data-id=\"3037648\" data-element_type=\"widget\" data-widget_type=\"image.default\">\n\t\t\t\t<div class=\"elementor-widget-container\">\n\t\t\t\t\t\t\t\t\t\t\t\t\t<img loading=\"lazy\" decoding=\"async\" width=\"150\" height=\"150\" src=\"https:\/\/institucional.padraocolor.com.br\/wp-content\/uploads\/2024\/10\/Atencao-150x150.png\" class=\"attachment-thumbnail size-thumbnail wp-image-311\" alt=\"\" srcset=\"https:\/\/institucional.padraocolor.com.br\/wp-content\/uploads\/2024\/10\/Atencao-150x150.png 150w, https:\/\/institucional.padraocolor.com.br\/wp-content\/uploads\/2024\/10\/Atencao-300x300.png 300w, https:\/\/institucional.padraocolor.com.br\/wp-content\/uploads\/2024\/10\/Atencao.png 672w\" sizes=\"(max-width: 150px) 100vw, 150px\" \/>\t\t\t\t\t\t\t\t\t\t\t\t\t<\/div>\n\t\t\t\t<\/div>\n\t\t\t\t<div class=\"elementor-element elementor-element-fd7f9b3 elementor-widget__width-initial elementor-widget elementor-widget-text-editor\" data-id=\"fd7f9b3\" data-element_type=\"widget\" data-widget_type=\"text-editor.default\">\n\t\t\t\t<div class=\"elementor-widget-container\">\n\t\t\t\t\t\t\t<h3><b>Em nossos servi\u00e7os n\u00e3o est\u00e3o inclusos:<\/b><b><\/b><b><\/b><b><\/b><\/h3><div class=\"row\"><div class=\"col-md-7 col-sm-12\"><ol><li style=\"text-align: left;\"><em>Cria\u00e7\u00e3o e revis\u00e3o de textos;<\/em><\/li><li style=\"text-align: left;\"><i>Gera\u00e7\u00e3o de QR Codes, C\u00f3digos de Barra, ISBN etc.<\/i><\/li><li style=\"text-align: left;\"><em>Cria\u00e7\u00e3o , edi\u00e7\u00e3o ou vetoriza\u00e7\u00e3o de logotipos;<\/em><\/li><li style=\"text-align: left;\"><em>N\u00e3o criamos ilustra\u00e7\u00f5es (Caricaturas, desenhos, mapas ou plantas de locais);<\/em><\/li><li style=\"text-align: left;\"><em>N\u00f3s n\u00e3o possu\u00edmos banco de imagens, nem as retiramos de sites de busca;<\/em><\/li><li style=\"text-align: left;\"><em>Artes Complexas (Que envolvam muita informa\u00e7\u00e3o, como encartes de mercados, farm\u00e1cias ou card\u00e1pios, ou ainda dados vari\u00e1veis &#8211; Neste caso consulte valores para cria\u00e7\u00e3o de arte).<\/em><\/li><li style=\"text-align: left;\"><em>Em caso de contrata\u00e7\u00e3o de cria\u00e7\u00e3o para agenda ou planner, a cria\u00e7\u00e3o n\u00e3o inclui o miolo personalizado, apenas a capa.<\/em><\/li><\/ol><\/div><\/div>\t\t\t\t\t\t<\/div>\n\t\t\t\t<\/div>\n\t\t\t\t<\/div>\n\t\t\t\t<\/div>\n\t\t","protected":false},"excerpt":{"rendered":"<p>Cria\u00e7\u00e3o de arte TERMO DE MONTAGEM DE ARTE Um designer cuidar\u00e1 da cria\u00e7\u00e3o de arte; Voc\u00ea tem direito a 1 montagem de arte; Voc\u00ea vai preencher um formul\u00e1rio e a partir dele estaremos utilizando as informa\u00e7\u00f5es do briefing enviadas por voc\u00ea, portanto a responsabilidade dessas informa\u00e7\u00f5es ser\u00e3o suas; Voc\u00ea deve conferir se n\u00e3o h\u00e1 nenhum [&hellip;]<\/p>\n","protected":false},"author":1,"featured_media":309,"parent":0,"menu_order":0,"comment_status":"closed","ping_status":"closed","template":"","meta":{"_acf_changed":false,"footnotes":""},"class_list":["post-305","page","type-page","status-publish","has-post-thumbnail","hentry"],"acf":[],"_links":{"self":[{"href":"https:\/\/institucional.padraocolor.com.br\/index.php\/wp-json\/wp\/v2\/pages\/305","targetHints":{"allow":["GET"]}}],"collection":[{"href":"https:\/\/institucional.padraocolor.com.br\/index.php\/wp-json\/wp\/v2\/pages"}],"about":[{"href":"https:\/\/institucional.padraocolor.com.br\/index.php\/wp-json\/wp\/v2\/types\/page"}],"author":[{"embeddable":true,"href":"https:\/\/institucional.padraocolor.com.br\/index.php\/wp-json\/wp\/v2\/users\/1"}],"replies":[{"embeddable":true,"href":"https:\/\/institucional.padraocolor.com.br\/index.php\/wp-json\/wp\/v2\/comments?post=305"}],"version-history":[{"count":47,"href":"https:\/\/institucional.padraocolor.com.br\/index.php\/wp-json\/wp\/v2\/pages\/305\/revisions"}],"predecessor-version":[{"id":1089,"href":"https:\/\/institucional.padraocolor.com.br\/index.php\/wp-json\/wp\/v2\/pages\/305\/revisions\/1089"}],"wp:featuredmedia":[{"embeddable":true,"href":"https:\/\/institucional.padraocolor.com.br\/index.php\/wp-json\/wp\/v2\/media\/309"}],"wp:attachment":[{"href":"https:\/\/institucional.padraocolor.com.br\/index.php\/wp-json\/wp\/v2\/media?parent=305"}],"curies":[{"name":"wp","href":"https:\/\/api.w.org\/{rel}","templated":true}]}}