{"id":3,"date":"2024-05-24T15:37:29","date_gmt":"2024-05-24T15:37:29","guid":{"rendered":"https:\/\/institucional.padraocolor.com.br\/?page_id=3"},"modified":"2024-11-29T17:43:04","modified_gmt":"2024-11-29T17:43:04","slug":"privacy-policy","status":"publish","type":"page","link":"https:\/\/institucional.padraocolor.com.br\/index.php\/privacy-policy\/","title":{"rendered":"Politicas"},"content":{"rendered":"\t\t<div data-elementor-type=\"wp-page\" data-elementor-id=\"3\" class=\"elementor elementor-3\">\n\t\t\t\t<div class=\"elementor-element elementor-element-8090c12 e-flex e-con-boxed e-con e-parent\" data-id=\"8090c12\" data-element_type=\"container\">\n\t\t\t\t\t<div class=\"e-con-inner\">\n\t\t\t\t<div class=\"elementor-element elementor-element-aee075e elementor-widget elementor-widget-spacer\" data-id=\"aee075e\" data-element_type=\"widget\" data-widget_type=\"spacer.default\">\n\t\t\t\t<div class=\"elementor-widget-container\">\n\t\t\t<style>\/*! elementor - v3.21.0 - 22-05-2024 *\/\n.elementor-column .elementor-spacer-inner{height:var(--spacer-size)}.e-con{--container-widget-width:100%}.e-con-inner>.elementor-widget-spacer,.e-con>.elementor-widget-spacer{width:var(--container-widget-width,var(--spacer-size));--align-self:var(--container-widget-align-self,initial);--flex-shrink:0}.e-con-inner>.elementor-widget-spacer>.elementor-widget-container,.e-con>.elementor-widget-spacer>.elementor-widget-container{height:100%;width:100%}.e-con-inner>.elementor-widget-spacer>.elementor-widget-container>.elementor-spacer,.e-con>.elementor-widget-spacer>.elementor-widget-container>.elementor-spacer{height:100%}.e-con-inner>.elementor-widget-spacer>.elementor-widget-container>.elementor-spacer>.elementor-spacer-inner,.e-con>.elementor-widget-spacer>.elementor-widget-container>.elementor-spacer>.elementor-spacer-inner{height:var(--container-widget-height,var(--spacer-size))}.e-con-inner>.elementor-widget-spacer.elementor-widget-empty,.e-con>.elementor-widget-spacer.elementor-widget-empty{position:relative;min-height:22px;min-width:22px}.e-con-inner>.elementor-widget-spacer.elementor-widget-empty .elementor-widget-empty-icon,.e-con>.elementor-widget-spacer.elementor-widget-empty .elementor-widget-empty-icon{position:absolute;top:0;bottom:0;left:0;right:0;margin:auto;padding:0;width:22px;height:22px}<\/style>\t\t<div class=\"elementor-spacer\">\n\t\t\t<div class=\"elementor-spacer-inner\"><\/div>\n\t\t<\/div>\n\t\t\t\t<\/div>\n\t\t\t\t<\/div>\n\t\t\t\t<div class=\"elementor-element elementor-element-c35e117 elementor-widget__width-inherit elementor-tabs-view-horizontal elementor-widget elementor-widget-tabs\" data-id=\"c35e117\" data-element_type=\"widget\" data-widget_type=\"tabs.default\">\n\t\t\t\t<div class=\"elementor-widget-container\">\n\t\t\t<style>\/*! elementor - v3.21.0 - 22-05-2024 *\/\n.elementor-widget-tabs.elementor-tabs-view-vertical .elementor-tabs-wrapper{width:25%;flex-shrink:0}.elementor-widget-tabs.elementor-tabs-view-vertical .elementor-tab-desktop-title.elementor-active{border-inline-end-style:none}.elementor-widget-tabs.elementor-tabs-view-vertical .elementor-tab-desktop-title.elementor-active:after,.elementor-widget-tabs.elementor-tabs-view-vertical .elementor-tab-desktop-title.elementor-active:before{height:999em;width:0;right:0;border-inline-end-style:solid}.elementor-widget-tabs.elementor-tabs-view-vertical .elementor-tab-desktop-title.elementor-active:before{top:0;transform:translateY(-100%)}.elementor-widget-tabs.elementor-tabs-view-vertical .elementor-tab-desktop-title.elementor-active:after{top:100%}.elementor-widget-tabs.elementor-tabs-view-horizontal .elementor-tab-desktop-title{display:table-cell}.elementor-widget-tabs.elementor-tabs-view-horizontal .elementor-tab-desktop-title.elementor-active{border-bottom-style:none}.elementor-widget-tabs.elementor-tabs-view-horizontal .elementor-tab-desktop-title.elementor-active:after,.elementor-widget-tabs.elementor-tabs-view-horizontal .elementor-tab-desktop-title.elementor-active:before{bottom:0;height:0;width:999em;border-bottom-style:solid}.elementor-widget-tabs.elementor-tabs-view-horizontal .elementor-tab-desktop-title.elementor-active:before{right:100%}.elementor-widget-tabs.elementor-tabs-view-horizontal .elementor-tab-desktop-title.elementor-active:after{left:100%}.elementor-widget-tabs .elementor-tab-content,.elementor-widget-tabs .elementor-tab-title,.elementor-widget-tabs .elementor-tab-title:after,.elementor-widget-tabs .elementor-tab-title:before,.elementor-widget-tabs .elementor-tabs-content-wrapper{border:1px #d5d8dc}.elementor-widget-tabs .elementor-tabs{text-align:start}.elementor-widget-tabs .elementor-tabs-wrapper{overflow:hidden}.elementor-widget-tabs .elementor-tab-title{cursor:pointer;outline:var(--focus-outline,none)}.elementor-widget-tabs .elementor-tab-desktop-title{position:relative;padding:20px 25px;font-weight:700;line-height:1;border:solid transparent}.elementor-widget-tabs .elementor-tab-desktop-title.elementor-active{border-color:#d5d8dc}.elementor-widget-tabs .elementor-tab-desktop-title.elementor-active:after,.elementor-widget-tabs .elementor-tab-desktop-title.elementor-active:before{display:block;content:\"\";position:absolute}.elementor-widget-tabs .elementor-tab-desktop-title:focus-visible{border:1px solid #000}.elementor-widget-tabs .elementor-tab-mobile-title{padding:10px;cursor:pointer}.elementor-widget-tabs .elementor-tab-content{padding:20px;display:none}@media (max-width:767px){.elementor-tabs .elementor-tab-content,.elementor-tabs .elementor-tab-title{border-style:solid solid none}.elementor-tabs .elementor-tabs-wrapper{display:none}.elementor-tabs .elementor-tabs-content-wrapper{border-bottom-style:solid}.elementor-tabs .elementor-tab-content{padding:10px}}@media (min-width:768px){.elementor-widget-tabs.elementor-tabs-view-vertical .elementor-tabs{display:flex}.elementor-widget-tabs.elementor-tabs-view-vertical .elementor-tabs-wrapper{flex-direction:column}.elementor-widget-tabs.elementor-tabs-view-vertical .elementor-tabs-content-wrapper{flex-grow:1;border-style:solid solid solid none}.elementor-widget-tabs.elementor-tabs-view-horizontal .elementor-tab-content{border-style:none solid solid}.elementor-widget-tabs.elementor-tabs-alignment-center .elementor-tabs-wrapper,.elementor-widget-tabs.elementor-tabs-alignment-end .elementor-tabs-wrapper,.elementor-widget-tabs.elementor-tabs-alignment-stretch .elementor-tabs-wrapper{display:flex}.elementor-widget-tabs.elementor-tabs-alignment-center .elementor-tabs-wrapper{justify-content:center}.elementor-widget-tabs.elementor-tabs-alignment-end .elementor-tabs-wrapper{justify-content:flex-end}.elementor-widget-tabs.elementor-tabs-alignment-stretch.elementor-tabs-view-horizontal .elementor-tab-title{width:100%}.elementor-widget-tabs.elementor-tabs-alignment-stretch.elementor-tabs-view-vertical .elementor-tab-title{height:100%}.elementor-tabs .elementor-tab-mobile-title{display:none}}<\/style>\t\t<div class=\"elementor-tabs\">\n\t\t\t<div class=\"elementor-tabs-wrapper\" role=\"tablist\" >\n\t\t\t\t\t\t\t\t\t<div id=\"elementor-tab-title-2041\" class=\"elementor-tab-title elementor-tab-desktop-title\" aria-selected=\"true\" data-tab=\"1\" role=\"tab\" tabindex=\"0\" aria-controls=\"elementor-tab-content-2041\" aria-expanded=\"false\">Pol\u00edtica de Privacidade<\/div>\n\t\t\t\t\t\t\t\t\t<div id=\"elementor-tab-title-2042\" class=\"elementor-tab-title elementor-tab-desktop-title\" aria-selected=\"false\" data-tab=\"2\" role=\"tab\" tabindex=\"-1\" aria-controls=\"elementor-tab-content-2042\" aria-expanded=\"false\">Pol\u00edtica de Entrega<\/div>\n\t\t\t\t\t\t\t\t\t<div id=\"elementor-tab-title-2043\" class=\"elementor-tab-title elementor-tab-desktop-title\" aria-selected=\"false\" data-tab=\"3\" role=\"tab\" tabindex=\"-1\" aria-controls=\"elementor-tab-content-2043\" aria-expanded=\"false\">Pol\u00edtica de Prazos<\/div>\n\t\t\t\t\t\t\t<\/div>\n\t\t\t<div class=\"elementor-tabs-content-wrapper\" role=\"tablist\" aria-orientation=\"vertical\">\n\t\t\t\t\t\t\t\t\t<div class=\"elementor-tab-title elementor-tab-mobile-title\" aria-selected=\"true\" data-tab=\"1\" role=\"tab\" tabindex=\"0\" aria-controls=\"elementor-tab-content-2041\" aria-expanded=\"false\">Pol\u00edtica de Privacidade<\/div>\n\t\t\t\t\t<div id=\"elementor-tab-content-2041\" class=\"elementor-tab-content elementor-clearfix\" data-tab=\"1\" role=\"tabpanel\" aria-labelledby=\"elementor-tab-title-2041\" tabindex=\"0\" hidden=\"false\"><h4><strong style=\"color: var( --e-global-color-text ); font-family: var( --e-global-typography-text-font-family ), Sans-serif; background-color: var(--wp--preset--color--base); font-size: var(--wp--preset--font-size--medium);\">Esta Pol\u00edtica de Privacidade tem como objetivo informar o usu\u00e1rio bem como coletarmos, usarmos, armazenamos e tratamos os dados pessoais. Ao utilizar o nosso site e realizar transa\u00e7\u00f5es em nossa loja, garantiremos o cumprimento da legisla\u00e7\u00e3o brasileira, em especial da Lei Geral de Prote\u00e7\u00e3o de Dados (LGPD).<\/strong><\/h4>\n<p><strong>SE\u00c7\u00c3O 1 &#8211; O QUE FAREMOS COM ESTA INFORMA\u00c7\u00c3O?<\/strong><\/p>\n<p>Quando voc\u00ea realiza alguma transa\u00e7\u00e3o com nossa loja, como parte do processo de compra e venda, coletamos as informa\u00e7\u00f5es pessoais que voc\u00ea nos d\u00e1, tais como: nome, e-mail e endere\u00e7o.<\/p>\n<p>Al\u00e9m disso, quando voc\u00ea acessa nosso site, recebemos automaticamente o protocolo de internet do seu computador (endere\u00e7o de IP) e outras informa\u00e7\u00f5es, como o tipo de navegador e sistema operacional, com a finalidade de garantir a seguran\u00e7a do site e melhorar sua experi\u00eancia.<\/p>\n<p>Utilizamos cookies de acesso para garantir que voc\u00ea permane\u00e7a logado durante a navega\u00e7\u00e3o, al\u00e9m de cookies de marketing e anal\u00edticos, como o Meta Pixel e o Google Tag (Gtag), para aprimorar o conte\u00fado e as ofertas que mostramos a voc\u00ea.<\/p>\n<p>O envio de e-mails de marketing ser\u00e1 realizado apenas se voc\u00ea fornecer consentimento. Nesses e-mails, voc\u00ea poder\u00e1 receber informa\u00e7\u00f5es sobre nossa loja, novos produtos e outras atualiza\u00e7\u00f5es.<\/p>\n<p><strong>SE\u00c7\u00c3O 2 &#8211; BASE LEGAL PARA TRATAMENTO DE DADOS<\/strong><\/p>\n<p>Tratamos os seus dados pessoais com base em diferentes fundamentos legais previstos pela LGPD, tais como:<\/p>\n<p>Execu\u00e7\u00e3o de contrato: para processar suas compras e fornecer os produtos ou servi\u00e7os adquiridos.<br>Consentimento: para enviar e-mails de marketing ou utilizar cookies n\u00e3o essenciais, como os de marketing e anal\u00edticos.<br>Obriga\u00e7\u00f5es legais: para cumprir com requisitos fiscais e regulat\u00f3rios.<br>Leg\u00edtimo interesse: para garantir a seguran\u00e7a de nossas plataformas e melhorar sua experi\u00eancia de compra.<\/p>\n<p><strong>SE\u00c7\u00c3O 3 &#8211; CONSENTIMENTO<\/strong><\/p>\n<p>Como voc\u00eas obt\u00eam meu consentimento?<\/p>\n<p>Quando voc\u00ea fornece informa\u00e7\u00f5es pessoais como nome, telefone e endere\u00e7o, para completar uma transa\u00e7\u00e3o, verificar seu cart\u00e3o de cr\u00e9dito, fazer um pedido, providenciar uma entrega ou retornar uma compra, entendemos que voc\u00ea consente com a coleta e o uso desses dados para esses fins espec\u00edficos.<\/p>\n<p>Se solicitarmos suas informa\u00e7\u00f5es pessoais por uma raz\u00e3o secund\u00e1ria, como marketing, vamos lhe pedir diretamente por seu consentimento ou fornecer a oportunidade de dizer n\u00e3o.<\/p>\n<p><strong>SE\u00c7\u00c3O 4 &#8211; DIVULGA\u00c7\u00c3O<\/strong><\/p>\n<p>Podemos divulgar suas informa\u00e7\u00f5es pessoais caso sejamos obrigados por lei (cumprimento de exig\u00eancias legais ou regulat\u00f3rias) ou no caso de viola\u00e7\u00e3o de nossos Termos de Servi\u00e7o.<\/p>\n<p><strong>SE\u00c7\u00c3O 5 &#8211; SERVI\u00c7OS DE TERCEIROS<\/strong><\/p>\n<p>No geral, os fornecedores terceirizados utilizados por n\u00f3s ir\u00e3o apenas coletar, usar e divulgar suas informa\u00e7\u00f5es pessoais na medida do necess\u00e1rio para permitir que realizem os servi\u00e7os que nos fornecem.<\/p>\n<p>Entretanto, certos fornecedores de servi\u00e7os terceirizados, como gateways de pagamento e outros processadores de transa\u00e7\u00f5es, t\u00eam suas pr\u00f3prias pol\u00edticas de privacidade sobre as informa\u00e7\u00f5es que somos obrigados a fornecer a eles para processar suas transa\u00e7\u00f5es.<\/p>\n<p>Recomendamos que voc\u00ea leia as pol\u00edticas de privacidade desses fornecedores para entender como suas informa\u00e7\u00f5es pessoais ser\u00e3o utilizadas por eles.<\/p>\n<p>No caso de processamento de pagamentos, utilizamos o gateway Pagar.me, uma empresa sediada no Brasil, o que significa que suas informa\u00e7\u00f5es pessoais estar\u00e3o sujeitas \u00e0 legisla\u00e7\u00e3o brasileira.<\/p>\n<p><strong>SE\u00c7\u00c3O 6 &#8211; COOKIES<\/strong><\/p>\n<p>Utilizamos cookies essenciais para o funcionamento do site, como aqueles que mant\u00eam voc\u00ea logado durante a navega\u00e7\u00e3o, e cookies de marketing e anal\u00edticos (como Meta Pixel e Gtag) para personalizar an\u00fancios e melhorar sua experi\u00eancia.<\/p>\n<p>Voc\u00ea pode gerenciar suas prefer\u00eancias de cookies a qualquer momento no nosso site.<\/p>\n<p><strong>SE\u00c7\u00c3O 7 &#8211; DIREITOS DOS TITULARES DE DADOS<\/strong><\/p>\n<p>De acordo com a LGPD, voc\u00ea tem o direito de:<\/p>\n<p>Solicitar a confirma\u00e7\u00e3o da exist\u00eancia de tratamento de seus dados.<br>Acessar seus dados pessoais.<br>Corrigir dados incompletos, inexatos ou desatualizados.<br>Solicitar a anonimiza\u00e7\u00e3o, bloqueio ou elimina\u00e7\u00e3o de dados desnecess\u00e1rios, excessivos ou tratados em desconformidade com a LGPD.<br>Solicitar a portabilidade de seus dados para outro fornecedor de servi\u00e7o ou produto.<br>Eliminar dados pessoais tratados com seu consentimento, exceto nas situa\u00e7\u00f5es previstas por lei.<br>Retirar o consentimento a qualquer momento, quando aplic\u00e1vel.<br>Obter informa\u00e7\u00f5es sobre as entidades p\u00fablicas e privadas com as quais compartilhamos seus dados.<\/p>\n<p>Para exercer qualquer um desses direitos, entre em contato conosco pelo e-mail ecommerce@padraocolor.com.br.<\/p>\n<p><strong>SE\u00c7\u00c3O 8 &#8211; SEGURAN\u00c7A<\/strong><\/p>\n<p>Para proteger suas informa\u00e7\u00f5es pessoais, tomamos precau\u00e7\u00f5es razo\u00e1veis e seguimos as melhores pr\u00e1ticas da ind\u00fastria para garantir que elas n\u00e3o sejam perdidas, usurpadas, acessadas, divulgadas, alteradas ou destru\u00eddas inadequadamente.<\/p>\n<p>Se voc\u00ea fornecer suas informa\u00e7\u00f5es de cart\u00e3o de cr\u00e9dito, essas informa\u00e7\u00f5es ser\u00e3o criptografadas usando tecnologia &#8220;secure socket layer&#8221; (SSL) e armazenadas com criptografia AES-256.<\/p>\n<p><strong>SE\u00c7\u00c3O 9 &#8211; TRANSFER\u00caNCIAS INTERNACIONAIS DE DADOS<\/strong><\/p>\n<p>Seus dados s\u00e3o processados no Brasil. No caso de transfer\u00eancias internacionais de dados, garantimos que essas transfer\u00eancias s\u00e3o feitas de acordo com as exig\u00eancias legais, adotando medidas de seguran\u00e7a adequadas para proteger seus dados.<\/p>\n<p><strong>SE\u00c7\u00c3O 10 &#8211; ALTERA\u00c7\u00d5ES A ESTA POL\u00cdTICA DE PRIVACIDADE<\/strong><\/p>\n<p>Reservamos o direito de modificar essa pol\u00edtica de privacidade a qualquer momento. Altera\u00e7\u00f5es e esclarecimentos ter\u00e3o efeito imediato ap\u00f3s sua publica\u00e7\u00e3o no site. Se fizermos altera\u00e7\u00f5es significativas nesta pol\u00edtica, iremos notific\u00e1-lo para que voc\u00ea tenha ci\u00eancia sobre as mudan\u00e7as.<\/p>\n<p>Se nossa loja for adquirida ou fundida com outra empresa, suas informa\u00e7\u00f5es podem ser transferidas para os novos propriet\u00e1rios, para que possamos continuar a vender produtos para voc\u00ea.<\/p>\n<p>Ao acessar ou utilizar nosso site, voc\u00ea concorda com as nossas Pol\u00edticas de Privacidade e com todas as leis e regulamenta\u00e7\u00f5es aplic\u00e1veis. Se voc\u00ea n\u00e3o concorda com algum desses termos, n\u00e3o dever\u00e1 usar este site.<\/p>\n<p><\/p><\/div>\n\t\t\t\t\t\t\t\t\t<div class=\"elementor-tab-title elementor-tab-mobile-title\" aria-selected=\"false\" data-tab=\"2\" role=\"tab\" tabindex=\"-1\" aria-controls=\"elementor-tab-content-2042\" aria-expanded=\"false\">Pol\u00edtica de Entrega<\/div>\n\t\t\t\t\t<div id=\"elementor-tab-content-2042\" class=\"elementor-tab-content elementor-clearfix\" data-tab=\"2\" role=\"tabpanel\" aria-labelledby=\"elementor-tab-title-2042\" tabindex=\"0\" hidden=\"hidden\"><p><img fetchpriority=\"high\" decoding=\"async\" class=\"aligncenter wp-image-246 size-large\" src=\"http:\/\/institucional.padraocolor.com.br\/wp-content\/uploads\/2024\/10\/vtoawitwbmzzh4fb1mry2grjd15vvxqtmvi6mtmh-1024x270.jpeg\" alt=\"\" width=\"1024\" height=\"270\" srcset=\"https:\/\/institucional.padraocolor.com.br\/wp-content\/uploads\/2024\/10\/vtoawitwbmzzh4fb1mry2grjd15vvxqtmvi6mtmh-1024x270.jpeg 1024w, https:\/\/institucional.padraocolor.com.br\/wp-content\/uploads\/2024\/10\/vtoawitwbmzzh4fb1mry2grjd15vvxqtmvi6mtmh-300x79.jpeg 300w, https:\/\/institucional.padraocolor.com.br\/wp-content\/uploads\/2024\/10\/vtoawitwbmzzh4fb1mry2grjd15vvxqtmvi6mtmh-768x203.jpeg 768w, https:\/\/institucional.padraocolor.com.br\/wp-content\/uploads\/2024\/10\/vtoawitwbmzzh4fb1mry2grjd15vvxqtmvi6mtmh-1536x406.jpeg 1536w, https:\/\/institucional.padraocolor.com.br\/wp-content\/uploads\/2024\/10\/vtoawitwbmzzh4fb1mry2grjd15vvxqtmvi6mtmh-2048x541.jpeg 2048w\" sizes=\"(max-width: 1024px) 100vw, 1024px\" \/><\/p><p><b>Com efici\u00eancia e excel\u00eancia, garantimos que seu pedido seja entregue em 24 horas atrav\u00e9s de nossa produ\u00e7\u00e3o expressa pela Rota e retirada nas nossas Lojas (exceto a loja de Vit\u00f3ria). Priorizando agilidade e qualidade, asseguramos a satisfa\u00e7\u00e3o de nossos clientes com entregas r\u00e1pidas e confi\u00e1veis.<\/b><\/p><p><b>\u00a0<\/b><\/p><p style=\"font-size: 16.8px;\"><strong>Normas de Entrega:<\/strong><\/p><ol style=\"font-size: 16.8px;\"><li>Pedidos com prazo de produ\u00e7\u00e3o de apenas 1 dia \u00fatil;<\/li><li><span style=\"color: var( --e-global-color-text ); font-family: var( --e-global-typography-text-font-family ), Sans-serif; font-weight: var( --e-global-typography-text-font-weight ); text-align: var(--text-align); background-color: var(--wp--preset--color--base); font-size: var(--wp--preset--font-size--medium);\">Entregas realizadas exclusivamente pela nossa Rota;<br \/><\/span><span style=\"color: var( --e-global-color-text ); font-family: var( --e-global-typography-text-font-family ), Sans-serif; font-weight: var( --e-global-typography-text-font-weight ); text-align: var(--text-align); background-color: var(--wp--preset--color--base); font-size: var(--wp--preset--font-size--medium);\">* Destinamos a entrega em 24 horas exclusivamente aos pontos no Rio de Janeiro.\u00a0<\/span><\/li><li>Retirada nas lojas de S\u00e3o Jo\u00e3o de Meriti, Mesquita, Niter\u00f3i, Alc\u00e2ntara, S\u00e3o Pedro da Aldeia e Juiz de Fora.<\/li><\/ol><\/div>\n\t\t\t\t\t\t\t\t\t<div class=\"elementor-tab-title elementor-tab-mobile-title\" aria-selected=\"false\" data-tab=\"3\" role=\"tab\" tabindex=\"-1\" aria-controls=\"elementor-tab-content-2043\" aria-expanded=\"false\">Pol\u00edtica de Prazos<\/div>\n\t\t\t\t\t<div id=\"elementor-tab-content-2043\" class=\"elementor-tab-content elementor-clearfix\" data-tab=\"3\" role=\"tabpanel\" aria-labelledby=\"elementor-tab-title-2043\" tabindex=\"0\" hidden=\"hidden\"><p><strong>Entrega Econ\u00f4mica e Entrega Expressa<\/strong><\/p><p>Ao realizar os seus pedidos, voc\u00ea sempre ir\u00e1 se deparar com duas op\u00e7\u00f5es de produ\u00e7\u00e3o; a EXPRESSA e a ECON\u00d4MICA:<\/p><ul><li><strong>A produ\u00e7\u00e3o expressa<\/strong> \u00e9 um processo mais r\u00e1pido e \u00e1gil, ideal para quem precisa de um produto final em um curto prazo. Nesse tipo de produ\u00e7\u00e3o, a empresa prioriza a rapidez na fabrica\u00e7\u00e3o, alocando mais recursos e esfor\u00e7os para garantir que o produto seja conclu\u00eddo e entregue o mais r\u00e1pido poss\u00edvel. No entanto, devido \u00e0 urg\u00eancia e aos custos operacionais mais altos, o pre\u00e7o desse tipo de produ\u00e7\u00e3o geralmente \u00e9 mais elevado.<\/li><li><strong>J\u00e1 a produ\u00e7\u00e3o econ\u00f4mica<\/strong> \u00e9 uma op\u00e7\u00e3o mais acess\u00edvel financeiramente, sendo indicada para quem n\u00e3o tem tanta pressa para receber o produto. Nesse modelo, o prazo de produ\u00e7\u00e3o \u00e9 maior, pois o processo \u00e9 otimizado para reduzir custos, o que pode envolver menos aloca\u00e7\u00e3o de recursos e uma fila de produ\u00e7\u00e3o mais extensa. A vantagem principal dessa op\u00e7\u00e3o \u00e9 o custo mais baixo, ideal para quem deseja economizar, mesmo que o tempo de espera seja maior.<\/li><\/ul><p><strong>Em resumo:<\/strong><br \/>Produ\u00e7\u00e3o expressa: mais r\u00e1pida, com custo maior.<br \/>Produ\u00e7\u00e3o econ\u00f4mica: mais barata, com prazo de produ\u00e7\u00e3o maior.<\/p><\/div>\n\t\t\t\t\t\t\t<\/div>\n\t\t<\/div>\n\t\t\t\t<\/div>\n\t\t\t\t<\/div>\n\t\t<div class=\"elementor-element elementor-element-7a3f858 e-flex e-con-boxed e-con e-child\" data-id=\"7a3f858\" data-element_type=\"container\">\n\t\t\t\t\t<div class=\"e-con-inner\">\n\t\t\t\t\t<\/div>\n\t\t\t\t<\/div>\n\t\t\t\t\t<\/div>\n\t\t\t\t<\/div>\n\t\t\t\t<\/div>\n\t\t","protected":false},"excerpt":{"rendered":"<p>Pol\u00edtica de Privacidade Pol\u00edtica de Entrega Pol\u00edtica de Prazos Pol\u00edtica de Privacidade Esta Pol\u00edtica de Privacidade tem como objetivo informar o usu\u00e1rio bem como coletarmos, usarmos, armazenamos e tratamos os dados pessoais. Ao utilizar o nosso site e realizar transa\u00e7\u00f5es em nossa loja, garantiremos o cumprimento da legisla\u00e7\u00e3o brasileira, em especial da Lei Geral de [&hellip;]<\/p>\n","protected":false},"author":1,"featured_media":0,"parent":0,"menu_order":0,"comment_status":"closed","ping_status":"closed","template":"","meta":{"_acf_changed":false,"footnotes":""},"class_list":["post-3","page","type-page","status-publish","hentry"],"acf":[],"_links":{"self":[{"href":"https:\/\/institucional.padraocolor.com.br\/index.php\/wp-json\/wp\/v2\/pages\/3","targetHints":{"allow":["GET"]}}],"collection":[{"href":"https:\/\/institucional.padraocolor.com.br\/index.php\/wp-json\/wp\/v2\/pages"}],"about":[{"href":"https:\/\/institucional.padraocolor.com.br\/index.php\/wp-json\/wp\/v2\/types\/page"}],"author":[{"embeddable":true,"href":"https:\/\/institucional.padraocolor.com.br\/index.php\/wp-json\/wp\/v2\/users\/1"}],"replies":[{"embeddable":true,"href":"https:\/\/institucional.padraocolor.com.br\/index.php\/wp-json\/wp\/v2\/comments?post=3"}],"version-history":[{"count":74,"href":"https:\/\/institucional.padraocolor.com.br\/index.php\/wp-json\/wp\/v2\/pages\/3\/revisions"}],"predecessor-version":[{"id":498,"href":"https:\/\/institucional.padraocolor.com.br\/index.php\/wp-json\/wp\/v2\/pages\/3\/revisions\/498"}],"wp:attachment":[{"href":"https:\/\/institucional.padraocolor.com.br\/index.php\/wp-json\/wp\/v2\/media?parent=3"}],"curies":[{"name":"wp","href":"https:\/\/api.w.org\/{rel}","templated":true}]}}