{"id":230,"date":"2024-10-14T22:11:13","date_gmt":"2024-10-14T22:11:13","guid":{"rendered":"https:\/\/institucional.padraocolor.com.br\/?page_id=230"},"modified":"2024-11-27T19:53:45","modified_gmt":"2024-11-27T19:53:45","slug":"cupom-novos-clientes","status":"publish","type":"page","link":"https:\/\/institucional.padraocolor.com.br\/index.php\/cupom-novos-clientes\/","title":{"rendered":"Cupom Novos Clientes"},"content":{"rendered":"\t\t<div data-elementor-type=\"wp-page\" data-elementor-id=\"230\" class=\"elementor elementor-230\">\n\t\t\t\t<div class=\"elementor-element elementor-element-40983f4 e-flex e-con-boxed e-con e-parent\" data-id=\"40983f4\" data-element_type=\"container\">\n\t\t\t\t\t<div class=\"e-con-inner\">\n\t\t<div class=\"elementor-element elementor-element-48212ce e-grid e-con-boxed e-con e-child\" data-id=\"48212ce\" data-element_type=\"container\">\n\t\t\t\t\t<div class=\"e-con-inner\">\n\t\t\t\t<div class=\"elementor-element elementor-element-5fef08d elementor-widget elementor-widget-image\" data-id=\"5fef08d\" data-element_type=\"widget\" data-widget_type=\"image.default\">\n\t\t\t\t<div class=\"elementor-widget-container\">\n\t\t\t<style>\/*! elementor - v3.21.0 - 22-05-2024 *\/\n.elementor-widget-image{text-align:center}.elementor-widget-image a{display:inline-block}.elementor-widget-image a img[src$=\".svg\"]{width:48px}.elementor-widget-image img{vertical-align:middle;display:inline-block}<\/style>\t\t\t\t\t\t\t\t\t\t<img fetchpriority=\"high\" decoding=\"async\" width=\"1024\" height=\"373\" src=\"https:\/\/institucional.padraocolor.com.br\/wp-content\/uploads\/2024\/10\/BEM-VINDOS-NOVOS-CLIENTES-1024x373.png\" class=\"attachment-large size-large wp-image-232\" alt=\"\" srcset=\"https:\/\/institucional.padraocolor.com.br\/wp-content\/uploads\/2024\/10\/BEM-VINDOS-NOVOS-CLIENTES-1024x373.png 1024w, https:\/\/institucional.padraocolor.com.br\/wp-content\/uploads\/2024\/10\/BEM-VINDOS-NOVOS-CLIENTES-300x109.png 300w, https:\/\/institucional.padraocolor.com.br\/wp-content\/uploads\/2024\/10\/BEM-VINDOS-NOVOS-CLIENTES-768x280.png 768w, https:\/\/institucional.padraocolor.com.br\/wp-content\/uploads\/2024\/10\/BEM-VINDOS-NOVOS-CLIENTES-1536x560.png 1536w, https:\/\/institucional.padraocolor.com.br\/wp-content\/uploads\/2024\/10\/BEM-VINDOS-NOVOS-CLIENTES.png 1920w\" sizes=\"(max-width: 1024px) 100vw, 1024px\" \/>\t\t\t\t\t\t\t\t\t\t\t\t\t<\/div>\n\t\t\t\t<\/div>\n\t\t\t\t<div class=\"elementor-element elementor-element-12eef29 elementor-widget elementor-widget-heading\" data-id=\"12eef29\" data-element_type=\"widget\" data-widget_type=\"heading.default\">\n\t\t\t\t<div class=\"elementor-widget-container\">\n\t\t\t<style>\/*! elementor - v3.21.0 - 22-05-2024 *\/\n.elementor-heading-title{padding:0;margin:0;line-height:1}.elementor-widget-heading .elementor-heading-title[class*=elementor-size-]>a{color:inherit;font-size:inherit;line-height:inherit}.elementor-widget-heading .elementor-heading-title.elementor-size-small{font-size:15px}.elementor-widget-heading .elementor-heading-title.elementor-size-medium{font-size:19px}.elementor-widget-heading .elementor-heading-title.elementor-size-large{font-size:29px}.elementor-widget-heading .elementor-heading-title.elementor-size-xl{font-size:39px}.elementor-widget-heading .elementor-heading-title.elementor-size-xxl{font-size:59px}<\/style><h3 class=\"elementor-heading-title elementor-size-default\">Experimente o nosso novo Padr\u00e3o!<\/h3>\t\t<\/div>\n\t\t\t\t<\/div>\n\t\t\t\t\t<\/div>\n\t\t\t\t<\/div>\n\t\t\t\t\t<\/div>\n\t\t\t\t<\/div>\n\t\t<div class=\"elementor-element elementor-element-5005712 e-flex e-con-boxed e-con e-parent\" data-id=\"5005712\" data-element_type=\"container\">\n\t\t\t\t\t<div class=\"e-con-inner\">\n\t\t<div class=\"elementor-element elementor-element-ecaf284 e-grid e-con-boxed e-con e-child\" data-id=\"ecaf284\" data-element_type=\"container\">\n\t\t\t\t\t<div class=\"e-con-inner\">\n\t\t\t\t<div class=\"elementor-element elementor-element-24f6809 elementor-widget elementor-widget-image\" data-id=\"24f6809\" data-element_type=\"widget\" data-widget_type=\"image.default\">\n\t\t\t\t<div class=\"elementor-widget-container\">\n\t\t\t\t\t\t\t\t\t\t\t\t\t\t<a href=\"https:\/\/blog.padraocolor.com.br\/\">\n\t\t\t\t\t\t\t<img decoding=\"async\" width=\"285\" height=\"170\" src=\"https:\/\/institucional.padraocolor.com.br\/wp-content\/uploads\/2024\/10\/Blog-da-Padrao.png\" class=\"attachment-large size-large wp-image-237\" alt=\"\" \/>\t\t\t\t\t\t\t\t<\/a>\n\t\t\t\t\t\t\t\t\t\t\t\t\t<\/div>\n\t\t\t\t<\/div>\n\t\t\t\t<div class=\"elementor-element elementor-element-c33af16 elementor-widget elementor-widget-image\" data-id=\"c33af16\" data-element_type=\"widget\" data-widget_type=\"image.default\">\n\t\t\t\t<div class=\"elementor-widget-container\">\n\t\t\t\t\t\t\t\t\t\t\t\t\t<img decoding=\"async\" width=\"290\" height=\"145\" src=\"https:\/\/institucional.padraocolor.com.br\/wp-content\/uploads\/2024\/10\/img_conf_site_tp7_4.png\" class=\"attachment-large size-large wp-image-239\" alt=\"\" \/>\t\t\t\t\t\t\t\t\t\t\t\t\t<\/div>\n\t\t\t\t<\/div>\n\t\t\t\t<div class=\"elementor-element elementor-element-d9a6201 elementor-widget elementor-widget-image\" data-id=\"d9a6201\" data-element_type=\"widget\" data-widget_type=\"image.default\">\n\t\t\t\t<div class=\"elementor-widget-container\">\n\t\t\t\t\t\t\t\t\t\t\t\t\t<img decoding=\"async\" width=\"285\" height=\"170\" src=\"https:\/\/institucional.padraocolor.com.br\/wp-content\/uploads\/2024\/10\/Blog-da-Padrao.png\" class=\"attachment-large size-large wp-image-237\" alt=\"\" \/>\t\t\t\t\t\t\t\t\t\t\t\t\t<\/div>\n\t\t\t\t<\/div>\n\t\t\t\t\t<\/div>\n\t\t\t\t<\/div>\n\t\t\t\t\t<\/div>\n\t\t\t\t<\/div>\n\t\t<div class=\"elementor-element elementor-element-5778eb4 e-flex e-con-boxed e-con e-parent\" data-id=\"5778eb4\" data-element_type=\"container\">\n\t\t\t\t\t<div class=\"e-con-inner\">\n\t\t\t\t<div class=\"elementor-element elementor-element-3e77307 elementor-widget elementor-widget-text-editor\" data-id=\"3e77307\" data-element_type=\"widget\" data-widget_type=\"text-editor.default\">\n\t\t\t\t<div class=\"elementor-widget-container\">\n\t\t\t<style>\/*! elementor - v3.21.0 - 22-05-2024 *\/\n.elementor-widget-text-editor.elementor-drop-cap-view-stacked .elementor-drop-cap{background-color:#69727d;color:#fff}.elementor-widget-text-editor.elementor-drop-cap-view-framed .elementor-drop-cap{color:#69727d;border:3px solid;background-color:transparent}.elementor-widget-text-editor:not(.elementor-drop-cap-view-default) .elementor-drop-cap{margin-top:8px}.elementor-widget-text-editor:not(.elementor-drop-cap-view-default) .elementor-drop-cap-letter{width:1em;height:1em}.elementor-widget-text-editor .elementor-drop-cap{float:left;text-align:center;line-height:1;font-size:50px}.elementor-widget-text-editor .elementor-drop-cap-letter{display:inline-block}<\/style>\t\t\t\t<h3 style=\"-webkit-tap-highlight-color: transparent; font-family: var(--font-family-brand); font-weight: var(--font-weight-medium); line-height: var(--line-height-sm); margin: 0px; background-color: #f5f5f5;\"><strong><span style=\"color: var(--text-paragraph-color); font-family: var(--font-family-base); letter-spacing: -0.4px; text-align: var(--text-align); font-size: 16.8px;\">Novo Padr\u00e3o!<\/span><\/strong><\/h3>\n<h3 style=\"-webkit-tap-highlight-color: transparent; font-family: var(--font-family-brand); font-weight: var(--font-weight-medium); line-height: var(--line-height-sm); margin: 0px; background-color: #f5f5f5;\"><span style=\"color: var(--text-paragraph-color); font-family: var(--font-family-base); font-weight: var( --e-global-typography-text-font-weight ); letter-spacing: -0.4px; text-align: var(--text-align); font-size: medium;\">Experimente o que a Padr\u00e3o tem a oferecer. Use o cupom <strong>BEMVINDO20<\/strong> na tela de checkout e ganhe 20% de desconto na sua primeira compra com valor m\u00ednimo de R$150,00. A promo\u00e7\u00e3o \u00e9 v\u00e1lida apenas para <strong>novos cadastros<\/strong> e um \u00fanico uso por cliente, com desconto m\u00e1ximo de R$50,00.<\/span><\/h3>\t\t\t\t\t\t<\/div>\n\t\t\t\t<\/div>\n\t\t\t\t\t<\/div>\n\t\t\t\t<\/div>\n\t\t<div class=\"elementor-element elementor-element-5280af5 e-flex e-con-boxed e-con e-parent\" data-id=\"5280af5\" data-element_type=\"container\">\n\t\t\t\t\t<div class=\"e-con-inner\">\n\t\t\t\t<div class=\"elementor-element elementor-element-4f4f3e7 elementor-widget elementor-widget-image\" data-id=\"4f4f3e7\" data-element_type=\"widget\" data-widget_type=\"image.default\">\n\t\t\t\t<div class=\"elementor-widget-container\">\n\t\t\t\t\t\t\t\t\t\t\t\t\t<img loading=\"lazy\" decoding=\"async\" width=\"615\" height=\"205\" src=\"https:\/\/institucional.padraocolor.com.br\/wp-content\/uploads\/2024\/10\/Seja-um-Revendedor.png\" class=\"attachment-large size-large wp-image-238\" alt=\"\" srcset=\"https:\/\/institucional.padraocolor.com.br\/wp-content\/uploads\/2024\/10\/Seja-um-Revendedor.png 615w, https:\/\/institucional.padraocolor.com.br\/wp-content\/uploads\/2024\/10\/Seja-um-Revendedor-300x100.png 300w\" sizes=\"(max-width: 615px) 100vw, 615px\" \/>\t\t\t\t\t\t\t\t\t\t\t\t\t<\/div>\n\t\t\t\t<\/div>\n\t\t\t\t\t<\/div>\n\t\t\t\t<\/div>\n\t\t<div class=\"elementor-element elementor-element-12a55c7 e-flex e-con-boxed e-con e-parent\" data-id=\"12a55c7\" data-element_type=\"container\">\n\t\t\t\t\t<div class=\"e-con-inner\">\n\t\t\t\t<div class=\"elementor-element elementor-element-30bf0b6 elementor-widget elementor-widget-text-editor\" data-id=\"30bf0b6\" data-element_type=\"widget\" data-widget_type=\"text-editor.default\">\n\t\t\t\t<div class=\"elementor-widget-container\">\n\t\t\t\t\t\t\t<p><strong>Observa\u00e7\u00e3o importante:<\/strong> Este cupom est\u00e1 dispon\u00edvel para todas as formas de pagamento, por\u00e9m n\u00e3o \u00e9 v\u00e1lido para itens promocionais.<\/p>\t\t\t\t\t\t<\/div>\n\t\t\t\t<\/div>\n\t\t\t\t\t<\/div>\n\t\t\t\t<\/div>\n\t\t\t\t<\/div>\n\t\t","protected":false},"excerpt":{"rendered":"<p>Experimente o nosso novo Padr\u00e3o! Novo Padr\u00e3o! Experimente o que a Padr\u00e3o tem a oferecer. Use o cupom BEMVINDO20 na tela de checkout e ganhe 20% de desconto na sua primeira compra com valor m\u00ednimo de R$150,00. A promo\u00e7\u00e3o \u00e9 v\u00e1lida apenas para novos cadastros e um \u00fanico uso por cliente, com desconto m\u00e1ximo de [&hellip;]<\/p>\n","protected":false},"author":1,"featured_media":0,"parent":0,"menu_order":0,"comment_status":"closed","ping_status":"closed","template":"","meta":{"_acf_changed":false,"footnotes":""},"class_list":["post-230","page","type-page","status-publish","hentry"],"acf":[],"_links":{"self":[{"href":"https:\/\/institucional.padraocolor.com.br\/index.php\/wp-json\/wp\/v2\/pages\/230","targetHints":{"allow":["GET"]}}],"collection":[{"href":"https:\/\/institucional.padraocolor.com.br\/index.php\/wp-json\/wp\/v2\/pages"}],"about":[{"href":"https:\/\/institucional.padraocolor.com.br\/index.php\/wp-json\/wp\/v2\/types\/page"}],"author":[{"embeddable":true,"href":"https:\/\/institucional.padraocolor.com.br\/index.php\/wp-json\/wp\/v2\/users\/1"}],"replies":[{"embeddable":true,"href":"https:\/\/institucional.padraocolor.com.br\/index.php\/wp-json\/wp\/v2\/comments?post=230"}],"version-history":[{"count":17,"href":"https:\/\/institucional.padraocolor.com.br\/index.php\/wp-json\/wp\/v2\/pages\/230\/revisions"}],"predecessor-version":[{"id":428,"href":"https:\/\/institucional.padraocolor.com.br\/index.php\/wp-json\/wp\/v2\/pages\/230\/revisions\/428"}],"wp:attachment":[{"href":"https:\/\/institucional.padraocolor.com.br\/index.php\/wp-json\/wp\/v2\/media?parent=230"}],"curies":[{"name":"wp","href":"https:\/\/api.w.org\/{rel}","templated":true}]}}