{"id":111,"date":"2024-06-25T06:54:04","date_gmt":"2024-06-25T06:54:04","guid":{"rendered":"https:\/\/institucional.padraocolor.com.br\/?page_id=111"},"modified":"2024-12-02T13:07:25","modified_gmt":"2024-12-02T13:07:25","slug":"nossas-categorias","status":"publish","type":"page","link":"https:\/\/institucional.padraocolor.com.br\/index.php\/nossas-categorias\/","title":{"rendered":"Nossas Categorias"},"content":{"rendered":"\t\t<div data-elementor-type=\"wp-page\" data-elementor-id=\"111\" class=\"elementor elementor-111\">\n\t\t\t\t<div class=\"elementor-element elementor-element-ac8bdbf e-con-full e-flex e-con e-parent\" data-id=\"ac8bdbf\" data-element_type=\"container\">\n\t\t\t\t<div class=\"elementor-element elementor-element-b8d3e4a elementor-widget elementor-widget-image\" data-id=\"b8d3e4a\" data-element_type=\"widget\" data-widget_type=\"image.default\">\n\t\t\t\t<div class=\"elementor-widget-container\">\n\t\t\t<style>\/*! elementor - v3.21.0 - 22-05-2024 *\/\n.elementor-widget-image{text-align:center}.elementor-widget-image a{display:inline-block}.elementor-widget-image a img[src$=\".svg\"]{width:48px}.elementor-widget-image img{vertical-align:middle;display:inline-block}<\/style>\t\t\t\t\t\t\t\t\t\t<img fetchpriority=\"high\" decoding=\"async\" width=\"1128\" height=\"350\" src=\"https:\/\/institucional.padraocolor.com.br\/wp-content\/uploads\/2024\/05\/image-93.png\" class=\"attachment-full size-full wp-image-21\" alt=\"\" srcset=\"https:\/\/institucional.padraocolor.com.br\/wp-content\/uploads\/2024\/05\/image-93.png 1128w, https:\/\/institucional.padraocolor.com.br\/wp-content\/uploads\/2024\/05\/image-93-300x93.png 300w, https:\/\/institucional.padraocolor.com.br\/wp-content\/uploads\/2024\/05\/image-93-1024x318.png 1024w, https:\/\/institucional.padraocolor.com.br\/wp-content\/uploads\/2024\/05\/image-93-768x238.png 768w\" sizes=\"(max-width: 1128px) 100vw, 1128px\" \/>\t\t\t\t\t\t\t\t\t\t\t\t\t<\/div>\n\t\t\t\t<\/div>\n\t\t<div class=\"elementor-element elementor-element-afa60ea e-grid e-con-boxed e-con e-child\" data-id=\"afa60ea\" data-element_type=\"container\">\n\t\t\t\t\t<div class=\"e-con-inner\">\n\t\t<div class=\"elementor-element elementor-element-e40100b e-flex e-con-boxed e-con e-child\" data-id=\"e40100b\" data-element_type=\"container\">\n\t\t\t\t\t<div class=\"e-con-inner\">\n\t\t\t\t<div class=\"elementor-element elementor-element-634cdf8 elementor-widget elementor-widget-heading\" data-id=\"634cdf8\" data-element_type=\"widget\" data-widget_type=\"heading.default\">\n\t\t\t\t<div class=\"elementor-widget-container\">\n\t\t\t<style>\/*! elementor - v3.21.0 - 22-05-2024 *\/\n.elementor-heading-title{padding:0;margin:0;line-height:1}.elementor-widget-heading .elementor-heading-title[class*=elementor-size-]>a{color:inherit;font-size:inherit;line-height:inherit}.elementor-widget-heading .elementor-heading-title.elementor-size-small{font-size:15px}.elementor-widget-heading .elementor-heading-title.elementor-size-medium{font-size:19px}.elementor-widget-heading .elementor-heading-title.elementor-size-large{font-size:29px}.elementor-widget-heading .elementor-heading-title.elementor-size-xl{font-size:39px}.elementor-widget-heading .elementor-heading-title.elementor-size-xxl{font-size:59px}<\/style><h3 class=\"elementor-heading-title elementor-size-default\">A Padr\u00e3o Color proporciona descontos nas compras para todos os revendedores.<\/h3>\t\t<\/div>\n\t\t\t\t<\/div>\n\t\t\t\t<div class=\"elementor-element elementor-element-2db9504 elementor-widget elementor-widget-text-editor\" data-id=\"2db9504\" data-element_type=\"widget\" data-widget_type=\"text-editor.default\">\n\t\t\t\t<div class=\"elementor-widget-container\">\n\t\t\t<style>\/*! elementor - v3.21.0 - 22-05-2024 *\/\n.elementor-widget-text-editor.elementor-drop-cap-view-stacked .elementor-drop-cap{background-color:#69727d;color:#fff}.elementor-widget-text-editor.elementor-drop-cap-view-framed .elementor-drop-cap{color:#69727d;border:3px solid;background-color:transparent}.elementor-widget-text-editor:not(.elementor-drop-cap-view-default) .elementor-drop-cap{margin-top:8px}.elementor-widget-text-editor:not(.elementor-drop-cap-view-default) .elementor-drop-cap-letter{width:1em;height:1em}.elementor-widget-text-editor .elementor-drop-cap{float:left;text-align:center;line-height:1;font-size:50px}.elementor-widget-text-editor .elementor-drop-cap-letter{display:inline-block}<\/style>\t\t\t\t<p>Buscando sempre fortalecer nossa parceria, tamb\u00e9m disponibilizamos benef\u00edcios exclusivos e vantagens especiais.<\/p>\t\t\t\t\t\t<\/div>\n\t\t\t\t<\/div>\n\t\t\t\t\t<\/div>\n\t\t\t\t<\/div>\n\t\t<div class=\"elementor-element elementor-element-8b85684 e-flex e-con-boxed e-con e-child\" data-id=\"8b85684\" data-element_type=\"container\">\n\t\t\t\t\t<div class=\"e-con-inner\">\n\t\t\t\t<div class=\"elementor-element elementor-element-6ec8a6c elementor-widget elementor-widget-image\" data-id=\"6ec8a6c\" data-element_type=\"widget\" data-widget_type=\"image.default\">\n\t\t\t\t<div class=\"elementor-widget-container\">\n\t\t\t\t\t\t\t\t\t\t\t\t\t<img decoding=\"async\" width=\"273\" height=\"171\" src=\"https:\/\/institucional.padraocolor.com.br\/wp-content\/uploads\/2024\/05\/image-94.png\" class=\"attachment-large size-large wp-image-25\" alt=\"\" \/>\t\t\t\t\t\t\t\t\t\t\t\t\t<\/div>\n\t\t\t\t<\/div>\n\t\t\t\t<div class=\"elementor-element elementor-element-b85bf33 elementor-widget elementor-widget-heading\" data-id=\"b85bf33\" data-element_type=\"widget\" data-widget_type=\"heading.default\">\n\t\t\t\t<div class=\"elementor-widget-container\">\n\t\t\t<h2 class=\"elementor-heading-title elementor-size-default\">Como Funciona<\/h2>\t\t<\/div>\n\t\t\t\t<\/div>\n\t\t\t\t<div class=\"elementor-element elementor-element-146cf9d elementor-widget elementor-widget-text-editor\" data-id=\"146cf9d\" data-element_type=\"widget\" data-widget_type=\"text-editor.default\">\n\t\t\t\t<div class=\"elementor-widget-container\">\n\t\t\t\t\t\t\t<p>Nosso sistema realiza automaticamente as atualiza\u00e7\u00f5es\u00a0das\u00a0categorias OURO e PRATA de 3 em 3 meses. Assim,\u00a0se voc\u00ea\u00a0atingir um dos nossos crit\u00e9rios para mudar de categoria,\u00a0nosso sistema\u00a0far\u00e1 essa altera\u00e7\u00e3o.<\/p>\t\t\t\t\t\t<\/div>\n\t\t\t\t<\/div>\n\t\t\t\t\t<\/div>\n\t\t\t\t<\/div>\n\t\t\t\t\t<\/div>\n\t\t\t\t<\/div>\n\t\t<div class=\"elementor-element elementor-element-f4ffb97 e-flex e-con-boxed e-con e-child\" data-id=\"f4ffb97\" data-element_type=\"container\">\n\t\t\t\t\t<div class=\"e-con-inner\">\n\t\t\t\t<div class=\"elementor-element elementor-element-199437e elementor-widget elementor-widget-heading\" data-id=\"199437e\" data-element_type=\"widget\" data-widget_type=\"heading.default\">\n\t\t\t\t<div class=\"elementor-widget-container\">\n\t\t\t<h2 class=\"elementor-heading-title elementor-size-default\"><h4 data-elementor-setting-key=\"title\" data-pen-placeholder=\"Type Here...\" style=\"font-family: var( --e-global-typography-primary-font-family ), Sans-serif; font-weight: var( --e-global-typography-primary-font-weight ); font-size: clamp(1.1rem, 0.9466rem + 0.767vw, 1.5rem); text-align: center;\">Como descubro minha categoria?<span style=\"color: var( --e-global-color-primary ); font-family: var( --e-global-typography-primary-font-family ), Sans-serif; font-size: var(--wp--preset--font-size--x-large); font-weight: var( --e-global-typography-primary-font-weight ); text-align: var(--text-align); background-color: var(--wp--preset--color--base);\"><\/span><\/h4><\/h2>\t\t<\/div>\n\t\t\t\t<\/div>\n\t\t<div class=\"elementor-element elementor-element-481c915 e-grid e-con-boxed e-con e-child\" data-id=\"481c915\" data-element_type=\"container\">\n\t\t\t\t\t<div class=\"e-con-inner\">\n\t\t\t\t<div class=\"elementor-element elementor-element-c124f02 elementor-widget elementor-widget-image\" data-id=\"c124f02\" data-element_type=\"widget\" data-widget_type=\"image.default\">\n\t\t\t\t<div class=\"elementor-widget-container\">\n\t\t\t\t\t\t\t\t\t\t\t\t\t<img decoding=\"async\" width=\"300\" height=\"172\" src=\"https:\/\/institucional.padraocolor.com.br\/wp-content\/uploads\/2024\/10\/Exemplo-300x172.png\" class=\"attachment-medium size-medium wp-image-283\" alt=\"\" srcset=\"https:\/\/institucional.padraocolor.com.br\/wp-content\/uploads\/2024\/10\/Exemplo-300x172.png 300w, https:\/\/institucional.padraocolor.com.br\/wp-content\/uploads\/2024\/10\/Exemplo.png 442w\" sizes=\"(max-width: 300px) 100vw, 300px\" \/>\t\t\t\t\t\t\t\t\t\t\t\t\t<\/div>\n\t\t\t\t<\/div>\n\t\t\t\t<div class=\"elementor-element elementor-element-1a472de elementor-widget elementor-widget-image\" data-id=\"1a472de\" data-element_type=\"widget\" data-widget_type=\"image.default\">\n\t\t\t\t<div class=\"elementor-widget-container\">\n\t\t\t\t\t\t\t\t\t\t\t\t\t<img loading=\"lazy\" decoding=\"async\" width=\"300\" height=\"172\" src=\"https:\/\/institucional.padraocolor.com.br\/wp-content\/uploads\/2024\/10\/Exemplo-2-300x172.png\" class=\"attachment-medium size-medium wp-image-284\" alt=\"\" srcset=\"https:\/\/institucional.padraocolor.com.br\/wp-content\/uploads\/2024\/10\/Exemplo-2-300x172.png 300w, https:\/\/institucional.padraocolor.com.br\/wp-content\/uploads\/2024\/10\/Exemplo-2.png 442w\" sizes=\"(max-width: 300px) 100vw, 300px\" \/>\t\t\t\t\t\t\t\t\t\t\t\t\t<\/div>\n\t\t\t\t<\/div>\n\t\t\t\t<div class=\"elementor-element elementor-element-04d4c10 elementor-widget elementor-widget-text-editor\" data-id=\"04d4c10\" data-element_type=\"widget\" data-widget_type=\"text-editor.default\">\n\t\t\t\t<div class=\"elementor-widget-container\">\n\t\t\t\t\t\t\t<p>Atrav\u00e9s do painel &#8220;Meus Dados&#8221;, voc\u00ea pode acessar sua ficha de cadastro, onde est\u00e3o dispon\u00edveis para consulta o seu n\u00edvel de categoria e outras informa\u00e7\u00f5es importantes do seu perfil.<\/p>\t\t\t\t\t\t<\/div>\n\t\t\t\t<\/div>\n\t\t\t\t<div class=\"elementor-element elementor-element-aba9fbb elementor-widget elementor-widget-text-editor\" data-id=\"aba9fbb\" data-element_type=\"widget\" data-widget_type=\"text-editor.default\">\n\t\t\t\t<div class=\"elementor-widget-container\">\n\t\t\t\t\t\t\t<div dir=\"auto\" data-message-author-role=\"assistant\" data-message-id=\"231101a7-0edb-47f3-a487-cc0e397efbaf\"><div class=\"flex max-w-full flex-col flex-grow\"><div class=\"min-h-8 text-message flex w-full flex-col items-end gap-2 whitespace-normal break-words [.text-message+&amp;]:mt-5\" dir=\"auto\" data-message-author-role=\"assistant\" data-message-id=\"1102120c-6b76-49c5-8e0e-3bbdc29db97c\"><div class=\"flex w-full flex-col gap-1 empty:hidden first:pt-[3px]\"><div class=\"markdown prose w-full break-words dark:prose-invert dark\"><p>O seu n\u00edvel de categoria atual ser\u00e1 exibido nos dados cadastrais. Vale lembrar que as categorias s\u00e3o exclusivas para clientes com status de revendedores.<\/p><\/div><\/div><\/div><\/div><\/div>\t\t\t\t\t\t<\/div>\n\t\t\t\t<\/div>\n\t\t\t\t\t<\/div>\n\t\t\t\t<\/div>\n\t\t\t\t\t<\/div>\n\t\t\t\t<\/div>\n\t\t\t\t<div class=\"elementor-element elementor-element-e1f75f0 elementor-widget elementor-widget-heading\" data-id=\"e1f75f0\" data-element_type=\"widget\" data-widget_type=\"heading.default\">\n\t\t\t\t<div class=\"elementor-widget-container\">\n\t\t\t<h3 class=\"elementor-heading-title elementor-size-default\">Conhe\u00e7a nossas Categorias de Revenda<\/h3>\t\t<\/div>\n\t\t\t\t<\/div>\n\t\t<div class=\"elementor-element elementor-element-f2bb368 e-grid e-con-boxed e-con e-child\" data-id=\"f2bb368\" data-element_type=\"container\">\n\t\t\t\t\t<div class=\"e-con-inner\">\n\t\t<div class=\"elementor-element elementor-element-07b4e2d e-grid e-con-boxed e-con e-child\" data-id=\"07b4e2d\" data-element_type=\"container\">\n\t\t\t\t\t<div class=\"e-con-inner\">\n\t\t\t\t<div class=\"elementor-element elementor-element-39a892a elementor-widget elementor-widget-image\" data-id=\"39a892a\" data-element_type=\"widget\" data-widget_type=\"image.default\">\n\t\t\t\t<div class=\"elementor-widget-container\">\n\t\t\t\t\t\t\t\t\t\t\t\t\t<img loading=\"lazy\" decoding=\"async\" width=\"150\" height=\"149\" src=\"https:\/\/institucional.padraocolor.com.br\/wp-content\/uploads\/2024\/10\/Categoria-de-Desconto-Bronze.png\" class=\"attachment-large size-large wp-image-285\" alt=\"\" \/>\t\t\t\t\t\t\t\t\t\t\t\t\t<\/div>\n\t\t\t\t<\/div>\n\t\t\t\t<div class=\"elementor-element elementor-element-6fe17a6 elementor-widget elementor-widget-text-editor\" data-id=\"6fe17a6\" data-element_type=\"widget\" data-widget_type=\"text-editor.default\">\n\t\t\t\t<div class=\"elementor-widget-container\">\n\t\t\t\t\t\t\t<p><span style=\"font-size: 16.8px; text-align: center;\">A Categoria <b>Bronze de Revenda<\/b>, oferece pre\u00e7os variados em toda a nossa linha de produtos, servindo como base para a tabela de pre\u00e7os de revenda, a partir da qual s\u00e3o calculados os descontos das categorias Prata e Ouro.<\/span><\/p>\t\t\t\t\t\t<\/div>\n\t\t\t\t<\/div>\n\t\t\t\t<div class=\"elementor-element elementor-element-5503cef elementor-widget elementor-widget-text-editor\" data-id=\"5503cef\" data-element_type=\"widget\" data-widget_type=\"text-editor.default\">\n\t\t\t\t<div class=\"elementor-widget-container\">\n\t\t\t\t\t\t\t<p><b>Crit\u00e9rios para Permanecer como Revenda Bronze:<br \/><\/b>R$2,000 em compras no per\u00edodo de 6 meses<\/p><p>Ter CNPJ de \u00e1rea gr\u00e1fica ou similar<\/p><p>Ser Designer Gr\u00e1fico com CNPJ ou CPF (sujeito a avalia\u00e7\u00e3o)<\/p>\t\t\t\t\t\t<\/div>\n\t\t\t\t<\/div>\n\t\t\t\t\t<\/div>\n\t\t\t\t<\/div>\n\t\t\t\t\t<\/div>\n\t\t\t\t<\/div>\n\t\t\t\t<div class=\"elementor-element elementor-element-86d2e4d elementor-widget elementor-widget-heading\" data-id=\"86d2e4d\" data-element_type=\"widget\" data-widget_type=\"heading.default\">\n\t\t\t\t<div class=\"elementor-widget-container\">\n\t\t\t<h6 class=\"elementor-heading-title elementor-size-default\">Informa\u00e7\u00e3o importante sobre as Categorias de Revenda.<\/h6>\t\t<\/div>\n\t\t\t\t<\/div>\n\t\t\t\t<div class=\"elementor-element elementor-element-2c4681c elementor-widget elementor-widget-text-editor\" data-id=\"2c4681c\" data-element_type=\"widget\" data-widget_type=\"text-editor.default\">\n\t\t\t\t<div class=\"elementor-widget-container\">\n\t\t\t\t\t\t\t<p>Informamos que os descontos das categorias Prata e Ouro s\u00e3o somente para o Segmento Offset e Comunica\u00e7\u00e3o Visual.<\/p>\t\t\t\t\t\t<\/div>\n\t\t\t\t<\/div>\n\t\t\t\t<div class=\"elementor-element elementor-element-e0b7210 elementor-widget elementor-widget-heading\" data-id=\"e0b7210\" data-element_type=\"widget\" data-widget_type=\"heading.default\">\n\t\t\t\t<div class=\"elementor-widget-container\">\n\t\t\t<h5 class=\"elementor-heading-title elementor-size-default\">Confira os descontos do nosso programa de categorias de benef\u00edcios<\/h5>\t\t<\/div>\n\t\t\t\t<\/div>\n\t\t<div class=\"elementor-element elementor-element-2d2176d e-grid e-con-boxed e-con e-child\" data-id=\"2d2176d\" data-element_type=\"container\">\n\t\t\t\t\t<div class=\"e-con-inner\">\n\t\t<div class=\"elementor-element elementor-element-7ecaf8d e-flex e-con-boxed e-con e-child\" data-id=\"7ecaf8d\" data-element_type=\"container\" data-settings=\"{&quot;background_background&quot;:&quot;classic&quot;}\">\n\t\t\t\t\t<div class=\"e-con-inner\">\n\t\t\t\t<div class=\"elementor-element elementor-element-acaabd1 elementor-widget elementor-widget-image\" data-id=\"acaabd1\" data-element_type=\"widget\" data-widget_type=\"image.default\">\n\t\t\t\t<div class=\"elementor-widget-container\">\n\t\t\t\t\t\t\t\t\t\t\t\t\t<img loading=\"lazy\" decoding=\"async\" width=\"150\" height=\"149\" src=\"https:\/\/institucional.padraocolor.com.br\/wp-content\/uploads\/2024\/10\/Categoria-de-Desconto-Prata-1.png\" class=\"attachment-large size-large wp-image-281\" alt=\"\" \/>\t\t\t\t\t\t\t\t\t\t\t\t\t<\/div>\n\t\t\t\t<\/div>\n\t\t\t\t<div class=\"elementor-element elementor-element-c71bd03 elementor-widget elementor-widget-text-editor\" data-id=\"c71bd03\" data-element_type=\"widget\" data-widget_type=\"text-editor.default\">\n\t\t\t\t<div class=\"elementor-widget-container\">\n\t\t\t\t\t\t\t<p><b>N\u00edvel 1 \u2013 desconto de 3%<br><\/b>M\u00e9dia de Compras entre R$2.500,00 e R$4.000,00 por m\u00eas.\u2028\u2028<\/p>\n<p><b>N\u00edvel 2 \u2013 desconto de 5%<\/b><br>M\u00e9dia de Compras entre R$4.000,00 e R$6.000,00 por m\u00eas.<\/p><p><span style=\"font-size: 16.8px; color: var( --e-global-color-text ); font-family: var( --e-global-typography-text-font-family ), Sans-serif;\"><b>Observa\u00e7\u00e3o Importante:<br><\/b>Desconto exclusivo para clientes <b>Revendedores<\/b><\/span><\/p>\t\t\t\t\t\t<\/div>\n\t\t\t\t<\/div>\n\t\t\t\t\t<\/div>\n\t\t\t\t<\/div>\n\t\t<div class=\"elementor-element elementor-element-45fe51e e-flex e-con-boxed e-con e-child\" data-id=\"45fe51e\" data-element_type=\"container\" data-settings=\"{&quot;background_background&quot;:&quot;classic&quot;}\">\n\t\t\t\t\t<div class=\"e-con-inner\">\n\t\t\t\t<div class=\"elementor-element elementor-element-cdfd101 elementor-widget elementor-widget-image\" data-id=\"cdfd101\" data-element_type=\"widget\" data-widget_type=\"image.default\">\n\t\t\t\t<div class=\"elementor-widget-container\">\n\t\t\t\t\t\t\t\t\t\t\t\t\t<img loading=\"lazy\" decoding=\"async\" width=\"150\" height=\"149\" src=\"https:\/\/institucional.padraocolor.com.br\/wp-content\/uploads\/2024\/10\/Categoria-de-Desconto-Ouro-1.png\" class=\"attachment-large size-large wp-image-282\" alt=\"\" \/>\t\t\t\t\t\t\t\t\t\t\t\t\t<\/div>\n\t\t\t\t<\/div>\n\t\t\t\t<div class=\"elementor-element elementor-element-07b1ad7 elementor-widget elementor-widget-text-editor\" data-id=\"07b1ad7\" data-element_type=\"widget\" data-widget_type=\"text-editor.default\">\n\t\t\t\t<div class=\"elementor-widget-container\">\n\t\t\t\t\t\t\t<p><b>N\u00edvel 1 \u2013 desconto de 7%<\/b><br \/>M\u00e9dia de Compras entre R$6.000,00 e R$9.000,00 por m\u00eas.\u2028\u2028<\/p><p><b>N\u00edvel 2 \u2013 desconto de 10%<\/b><br \/>Media de Compras a partir de R$9.000,00 por m\u00eas.<\/p><p><span style=\"font-weight: bold; font-size: 16.8px;\">Observa\u00e7\u00e3o Importante:<br \/><\/span><span style=\"font-size: 16.8px;\">Desconto exclusivo para clientes\u00a0<\/span><span style=\"font-weight: bold; font-size: 16.8px;\">Revendedores<\/span><\/p>\t\t\t\t\t\t<\/div>\n\t\t\t\t<\/div>\n\t\t\t\t\t<\/div>\n\t\t\t\t<\/div>\n\t\t\t\t\t<\/div>\n\t\t\t\t<\/div>\n\t\t\t\t<\/div>\n\t\t\t\t<\/div>\n\t\t","protected":false},"excerpt":{"rendered":"<p>A Padr\u00e3o Color proporciona descontos nas compras para todos os revendedores. Buscando sempre fortalecer nossa parceria, tamb\u00e9m disponibilizamos benef\u00edcios exclusivos e vantagens especiais. Como Funciona Nosso sistema realiza automaticamente as atualiza\u00e7\u00f5es\u00a0das\u00a0categorias OURO e PRATA de 3 em 3 meses. Assim,\u00a0se voc\u00ea\u00a0atingir um dos nossos crit\u00e9rios para mudar de categoria,\u00a0nosso sistema\u00a0far\u00e1 essa altera\u00e7\u00e3o. Como descubro minha [&hellip;]<\/p>\n","protected":false},"author":1,"featured_media":0,"parent":0,"menu_order":0,"comment_status":"closed","ping_status":"closed","template":"elementor_header_footer","meta":{"_acf_changed":false,"footnotes":""},"class_list":["post-111","page","type-page","status-publish","hentry"],"acf":[],"_links":{"self":[{"href":"https:\/\/institucional.padraocolor.com.br\/index.php\/wp-json\/wp\/v2\/pages\/111","targetHints":{"allow":["GET"]}}],"collection":[{"href":"https:\/\/institucional.padraocolor.com.br\/index.php\/wp-json\/wp\/v2\/pages"}],"about":[{"href":"https:\/\/institucional.padraocolor.com.br\/index.php\/wp-json\/wp\/v2\/types\/page"}],"author":[{"embeddable":true,"href":"https:\/\/institucional.padraocolor.com.br\/index.php\/wp-json\/wp\/v2\/users\/1"}],"replies":[{"embeddable":true,"href":"https:\/\/institucional.padraocolor.com.br\/index.php\/wp-json\/wp\/v2\/comments?post=111"}],"version-history":[{"count":49,"href":"https:\/\/institucional.padraocolor.com.br\/index.php\/wp-json\/wp\/v2\/pages\/111\/revisions"}],"predecessor-version":[{"id":648,"href":"https:\/\/institucional.padraocolor.com.br\/index.php\/wp-json\/wp\/v2\/pages\/111\/revisions\/648"}],"wp:attachment":[{"href":"https:\/\/institucional.padraocolor.com.br\/index.php\/wp-json\/wp\/v2\/media?parent=111"}],"curies":[{"name":"wp","href":"https:\/\/api.w.org\/{rel}","templated":true}]}}